{"id":2489,"date":"2020-08-24T18:06:51","date_gmt":"2020-08-24T18:06:51","guid":{"rendered":"https:\/\/bflsecurity.ee\/?page_id=2489"},"modified":"2020-08-24T18:06:51","modified_gmt":"2020-08-24T18:06:51","slug":"%d1%83%d1%81%d1%82%d0%b0%d0%bd%d0%be%d0%b2%d0%bb%d0%b5%d0%bd%d0%bd%d1%8b%d0%b5-%d0%be%d0%b1%d1%8a%d0%b5%d0%ba%d1%82%d1%8b","status":"publish","type":"page","link":"https:\/\/bflsecurity.ee\/ru\/%d1%83%d1%81%d1%82%d0%b0%d0%bd%d0%be%d0%b2%d0%bb%d0%b5%d0%bd%d0%bd%d1%8b%d0%b5-%d0%be%d0%b1%d1%8a%d0%b5%d0%ba%d1%82%d1%8b\/","title":{"rendered":"\u0423\u0441\u0442\u0430\u043d\u043e\u0432\u043b\u0435\u043d\u043d\u044b\u0435 \u043e\u0431\u044a\u0435\u043a\u0442\u044b"},"content":{"rendered":"<div id=\"pl-2489\"  class=\"panel-layout\" ><div id=\"pg-2489-0\"  class=\"panel-grid panel-no-style\" ><div id=\"pgc-2489-0-0\"  class=\"panel-grid-cell\" ><div id=\"panel-2489-0-0-0\" class=\"so-panel widget widget_sow-editor panel-first-child panel-last-child\" data-index=\"0\" ><div\n\t\t\t\n\t\t\tclass=\"so-widget-sow-editor so-widget-sow-editor-base\"\n\t\t\t\n\t\t>\n<div class=\"siteorigin-widget-tinymce textwidget\">\n\t<p><strong>Siin on m\u00f5ned objektid aastast 2019<\/strong><\/p>\n<p>K\u00fc Tallinna mnt 47, Rapla gsm fonos\u00fcsteem<br \/>\nTallinna Kunstikool l\u00e4bip\u00e4\u00e4sus\u00fcsteemid ja lukustus 25 uksele<br \/>\nK\u00fc Vilde 90\u00a0 l\u00e4bip\u00e4\u00e4sus\u00fcsteem\u00a0 20 uksele<br \/>\nHarkuj\u00e4rve lasteaed l\u00e4bip\u00e4\u00e4sus\u00fcsteem\u00a0 20 uksele<br \/>\nK\u00fc Puhkekodu tee 69 ja 61 fonos\u00fcsteem<br \/>\nK\u00fc\u00a0 J.Kunderi 44 videofonos\u00fcseemi laiendus v\u00e4ravale<br \/>\nK\u00fc \u00d5ism\u00e4e tee 10 fonos\u00fcsteem<br \/>\nK\u00fc Metsapargi 8, Rapla fonos\u00fcsteem<br \/>\nK\u00fc Ehituse 7 , J\u00fcri videofonos\u00fcsteem<br \/>\nK\u00fc Kalju 7 videofonos\u00fcsteem<br \/>\nK\u00fc Siili 27 fonos\u00fcsteem<br \/>\nK\u00fc Turu 12A, Tapa fonos\u00fcsteem<br \/>\nK\u00fc Koskla-Meleka metallist v\u00e4lisuksed ja proxys\u00fcsteem<br \/>\nK\u00fc P\u00f5hja pst 23 gsm fonos\u00fcsteem<br \/>\nK\u00fc Paekaare 18 gsm fonos\u00fcsteem<br \/>\nK\u00fc Aiavilja 3, Haapsalu fonos\u00fcsteem<br \/>\nK\u00fc Metsa 31, Haapsalu fonos\u00fcsteem<br \/>\njne,jne<\/p>\n<p><strong>Siin on m\u00f5ned objektid aastast 2018<\/strong><\/p>\n<p>Planeedi Mudila videofonolukus\u00fcsteem<br \/>\nK\u00fc Pargi 29, Saku fonos\u00fcsteem<br \/>\nK\u00fc S\u00e4\u00e4se 5 fonos\u00fcsteem<br \/>\nK\u00fc Kadaka tee 173 metallist v\u00e4lisuksed<br \/>\nK\u00fc Niine p\u00f5ik 3, Haapsalu fonos\u00fcsteem<br \/>\nAndre Juustufarm t\u00f6\u00f6ajaarvestus<br \/>\nK\u00fc Vilde 90 metallist v\u00e4lisuksed ja l\u00e4bip\u00e4\u00e4sus\u00fcsteem<br \/>\nV\u00e4ike-Maarja Konsum l\u00e4bip\u00e4\u00e4sus\u00fcsteem<br \/>\nSillam\u00e4e Maksimarket l\u00e4bip\u00e4\u00e4sus\u00fcsteem<br \/>\nK\u00fc Tallinna mnt 31, T\u00fcri fonos\u00fcsteem<br \/>\nK\u00fc Lepa v\u00e4lisvalvekaamera paigaldus<br \/>\nK\u00fc Kuusiku 9, Loo proxys\u00fcsteem i paigaldus<br \/>\nK\u00fc Maneezi 8 v\u00e4lismetalluksed ja fonos\u00fcsteem<br \/>\nK\u00fc Puhkekodu tee 59 fonos\u00fcsteem<br \/>\nAs Lapi MT l\u00e4bip\u00e4\u00e4s-t\u00f6\u00f6ajaarvestuss\u00fcsteem<br \/>\nK\u00fc Tulbi 5 v\u00e4ravaautomaatika paigaldus<br \/>\nTallinna Kullatera lasteaed fonos\u00fcsteem<br \/>\nLasteaed M\u00f5mmik fonos\u00fcsteem<br \/>\nK\u00fc Pikk 13, Tapa fonos\u00fcsteem<br \/>\nK\u00fc Uus tn 3, Harku fonos\u00fcsteem<br \/>\nK\u00fc Raadiku 8, Kohila v\u00e4lismetalluksed ja fonos\u00fcsteem<br \/>\nK\u00fc Akadeemia 42 l\u00e4bip\u00e4\u00e4sus\u00fcsteemide ehitus<br \/>\njne,jne<\/p>\n<p><strong>Siin on m\u00f5ned objektid aastast 2017<\/strong><\/p>\n<p><span style=\"color: #272e32; font-family: Open Sans, sans-serif;\">Lamipap O\u00fc, Kohila l\u00e4bip\u00e4\u00e4sus\u00fcsteem ja t\u00f6\u00f6ajaarvestus<br \/>\nK\u00fc Liivalaia 19, Tallinn\u00a0 videofonos\u00fcsteem<br \/>\nK\u00fc Vana-Kalamaja 20a, Tallinn fonos\u00fcsteem<br \/>\nK\u00fc Tedre 5a, Tallinn fonos\u00fcsteem<br \/>\nK\u00fc Ristiku 21, Tallinn fonos\u00fcsteem<br \/>\nAs Multimarger, Viljandi l\u00e4bip\u00e4\u00e4sus\u00fcsteem ja t\u00f6\u00f6aajaarvestus<br \/>\nLasteaed Miki, Keila videovalvekaamerate paigaldus<br \/>\nKeila Noortekeskus videovalvekaamerate paigaldus<br \/>\nSeal Value Europe O\u00fc, Tallinn\u00a0 l\u00e4bip\u00e4\u00e4sus\u00fcsteem ja t\u00f6\u00f6ajaarvestus<br \/>\nK\u00fc Linnuse S\u00f5pruse 188, Tallinn fonos\u00fcsteem, v\u00e4lisuksed ja tamburite remont<br \/>\nK\u00fc Mustam\u00e4e tee 153, Tallinn fonos\u00fcsteem<br \/>\nK\u00fc Spordi 11, Tallinn\u00a0 proxys\u00fcsteem<br \/>\nK\u00fc Mustam\u00e4e tee 102, Tallinn proxys\u00fcsteem<br \/>\nK\u00fc Haudejaama tee 24, Haapsalu fonos\u00fcsteem<br \/>\njne<\/span><\/p>\n<p><strong>Siin on m\u00f5ned objektid aastast 2016<\/strong><\/p>\n<p><span style=\"color: #272e32; font-family: Open Sans, sans-serif;\">Granitop O\u00fc teostatud t\u00f6\u00f6d \u00a0fonolukk, videovalve- ja l\u00e4bip\u00e4\u00e4sus\u00fcsteem<br \/>\nHiirte Juust O\u00fc teostatud t\u00f6\u00f6d fonolukk ja l\u00e4bip\u00e4\u00e4sus\u00fcsteem<br \/>\nO\u00fc Topdoor videovalves\u00fcsteem<\/span><br \/>\nCBF Medical Implatants l\u00e4bip\u00e4\u00e4sus\u00fcsteem<br \/>\nK\u00fc Lille 6 videofonos\u00fcsteem<br \/>\nK\u00fc Puhkekodu tee 65 fonos\u00fcsteem<br \/>\nK\u00fc V\u00e4ike Patarei 10 b fonos\u00fcsteem<br \/>\nK\u00fc Traal metalluksed ja fonos\u00fcsteem<br \/>\nK\u00fc Akadeemia 42 l\u00e4bip\u00e4\u00e4sus\u00fcsteem<br \/>\nGadox O\u00fc videofonos\u00fcsteem<br \/>\nK\u00fc Ehituse 2\/4 , J\u00fcri \u00a0fonos\u00fcsteem<br \/>\nK\u00fc Loigu 2, V\u00f5hma fonos\u00fcsteem<br \/>\nK\u00fc Kooli 5, Kohila fonos\u00fcsteem<br \/>\nK\u00fc R\u00e4ime 26 fonos\u00fcsteem<br \/>\nK\u00fc Lossi 20 videofonos\u00fcsteem<br \/>\nK\u00fc Saha tee 3 gsm fonos\u00fcsteem<br \/>\nK\u00fc 1mai 23a, Tapa fonos\u00fcsteem<br \/>\nK\u00fc J\u00e4rve 29 fonos\u00fcsteem<br \/>\nK\u00fc S\u00e4\u00e4se 3 metalluksed ja fonos\u00fcsteem<br \/>\njne,jne<\/p>\n<p><strong>Siin on m\u00f5ned objektid aastast 2015<\/strong><\/p>\n<p>K\u00fc Vilde 53 fonos\u00fcsteem<\/p>\n<p>K\u00fc Varetti Raua 14\/Kreutzwaldi 8 fonos\u00fcsteem<\/p>\n<p>K\u00fc Kentmanni 20a videofonos\u00fcsteem<\/p>\n<p>K\u00fc Nooruse 1, Tabasalu fonos\u00fcsteem<\/p>\n<p>K\u00fc Raua 65 fonos\u00fcsteem<\/p>\n<p>K\u00fc Raudtee 52a fonos\u00fcsteem<\/p>\n<p>K\u00fc Rohu 8b fonos\u00fcsteem, autov\u00e4ravate automaatika ja gsm juhtimine<\/p>\n<p>K\u00fc Traal Kuldnoka 7 fonos\u00fcsteem ja v\u00e4lisuks + keldri tulet\u00f5kkeuks<\/p>\n<p>K\u00fc Eha 4, Kunda fonos\u00fcsteem ja v\u00e4lisuksed<\/p>\n<p>K\u00fc Endla 31 fonos\u00fcsteem<\/p>\n<p>K\u00fc Ristiku 83 fonos\u00fcsteem<\/p>\n<p>K\u00fc J.Kunderi 44 videofonos\u00fcsteem<\/p>\n<p>K\u00fc L\u00f5ime 7 fonos\u00fcsteem<\/p>\n<p>K\u00fc Posti 2a, Kohila fonos\u00fcsteem<\/p>\n<p>Kohvikud Mmuah Tallinnas ja Nikolai Lehtla P\u00e4rnus t\u00f6\u00f6ajaarvestuss\u00fcsteem<\/p>\n<p>Pelguranna 31 hooldekodu lukkude vahetus<\/p>\n<p>K\u00fc Keskuse 7, Kehra fonos\u00fcsteem<\/p>\n<p>SG Balticum As l\u00e4bp\u00e4\u00e4sus\u00fcsteem koos t\u00f6\u00f6ajaarvestuss\u00fcsteemiga<\/p>\n<p>K\u00fc S\u00fcda 2\/2a fonos\u00fcsteem<\/p>\n<p>Tammiste Lasteaed, P\u00e4rnu fonos\u00fcsteem ja gsm fonos\u00fcsteem<\/p>\n<p>jne,ine,jne<\/p>\n<\/div>\n<\/div><\/div><\/div><\/div><\/div>","protected":false},"excerpt":{"rendered":"<p>Siin on m\u00f5ned objektid aastast 2019 K\u00fc Tallinna mnt 47, Rapla gsm fonos\u00fcsteem Tallinna Kunstikool l\u00e4bip\u00e4\u00e4sus\u00fcsteemid ja lukustus 25 uksele K\u00fc Vilde 90\u00a0 l\u00e4bip\u00e4\u00e4sus\u00fcsteem\u00a0 20 uksele Harkuj\u00e4rve lasteaed l\u00e4bip\u00e4\u00e4sus\u00fcsteem\u00a0 20 uksele K\u00fc Puhkekodu tee 69 ja 61 fonos\u00fcsteem K\u00fc\u00a0 J.Kunderi 44 videofonos\u00fcseemi laiendus v\u00e4ravale K\u00fc \u00d5ism\u00e4e tee 10 fonos\u00fcsteem K\u00fc Metsapargi 8, Rapla fonos\u00fcsteem K\u00fc [&hellip;]<\/p>\n","protected":false},"author":1,"featured_media":0,"parent":0,"menu_order":0,"comment_status":"closed","ping_status":"closed","template":"","meta":{"_acf_changed":false,"footnotes":""},"class_list":["post-2489","page","type-page","status-publish","hentry"],"acf":[],"yoast_head":"<!-- This site is optimized with the Yoast SEO plugin v27.3 - https:\/\/yoast.com\/product\/yoast-seo-wordpress\/ -->\n<title>\u0423\u0441\u0442\u0430\u043d\u043e\u0432\u043b\u0435\u043d\u043d\u044b\u0435 \u043e\u0431\u044a\u0435\u043a\u0442\u044b - BFL Security | L\u00e4bip\u00e4\u00e4sus\u00fcsteemid, videovalves\u00fcsteemid ja palju muud!<\/title>\n<meta name=\"description\" content=\"BFL Security pakub erinevaid l\u00e4bip\u00e4\u00e4sus\u00fcsteeme, videovalves\u00fcsteeme ja muid innovatiivseid lahendusi. Tutvu valikuga siit v\u00f5i k\u00fcsi n\u00f5u meie spetsialistidelt!\" \/>\n<meta name=\"robots\" content=\"index, follow, max-snippet:-1, max-image-preview:large, max-video-preview:-1\" \/>\n<link rel=\"canonical\" href=\"https:\/\/bflsecurity.ee\/ru\/\u0443\u0441\u0442\u0430\u043d\u043e\u0432\u043b\u0435\u043d\u043d\u044b\u0435-\u043e\u0431\u044a\u0435\u043a\u0442\u044b\/\" \/>\n<meta property=\"og:locale\" content=\"ru_RU\" \/>\n<meta property=\"og:type\" content=\"article\" \/>\n<meta property=\"og:title\" content=\"\u0423\u0441\u0442\u0430\u043d\u043e\u0432\u043b\u0435\u043d\u043d\u044b\u0435 \u043e\u0431\u044a\u0435\u043a\u0442\u044b - BFL Security | L\u00e4bip\u00e4\u00e4sus\u00fcsteemid, videovalves\u00fcsteemid ja palju muud!\" \/>\n<meta property=\"og:description\" content=\"BFL Security pakub erinevaid l\u00e4bip\u00e4\u00e4sus\u00fcsteeme, videovalves\u00fcsteeme ja muid innovatiivseid lahendusi. Tutvu valikuga siit v\u00f5i k\u00fcsi n\u00f5u meie spetsialistidelt!\" \/>\n<meta property=\"og:url\" content=\"https:\/\/bflsecurity.ee\/ru\/\u0443\u0441\u0442\u0430\u043d\u043e\u0432\u043b\u0435\u043d\u043d\u044b\u0435-\u043e\u0431\u044a\u0435\u043a\u0442\u044b\/\" \/>\n<meta property=\"og:site_name\" content=\"BFL Security | L\u00e4bip\u00e4\u00e4sus\u00fcsteemid, videovalves\u00fcsteemid ja palju muud!\" \/>\n<meta name=\"twitter:card\" content=\"summary_large_image\" \/>\n<meta name=\"twitter:label1\" content=\"\u041f\u0440\u0438\u043c\u0435\u0440\u043d\u043e\u0435 \u0432\u0440\u0435\u043c\u044f \u0434\u043b\u044f \u0447\u0442\u0435\u043d\u0438\u044f\" \/>\n\t<meta name=\"twitter:data1\" content=\"3 \u043c\u0438\u043d\u0443\u0442\u044b\" \/>\n<script type=\"application\/ld+json\" class=\"yoast-schema-graph\">{\"@context\":\"https:\\\/\\\/schema.org\",\"@graph\":[{\"@type\":\"WebPage\",\"@id\":\"https:\\\/\\\/bflsecurity.ee\\\/ru\\\/%d1%83%d1%81%d1%82%d0%b0%d0%bd%d0%be%d0%b2%d0%bb%d0%b5%d0%bd%d0%bd%d1%8b%d0%b5-%d0%be%d0%b1%d1%8a%d0%b5%d0%ba%d1%82%d1%8b\\\/\",\"url\":\"https:\\\/\\\/bflsecurity.ee\\\/ru\\\/%d1%83%d1%81%d1%82%d0%b0%d0%bd%d0%be%d0%b2%d0%bb%d0%b5%d0%bd%d0%bd%d1%8b%d0%b5-%d0%be%d0%b1%d1%8a%d0%b5%d0%ba%d1%82%d1%8b\\\/\",\"name\":\"\u0423\u0441\u0442\u0430\u043d\u043e\u0432\u043b\u0435\u043d\u043d\u044b\u0435 \u043e\u0431\u044a\u0435\u043a\u0442\u044b - BFL Security | L\u00e4bip\u00e4\u00e4sus\u00fcsteemid, videovalves\u00fcsteemid ja palju muud!\",\"isPartOf\":{\"@id\":\"https:\\\/\\\/bflsecurity.ee\\\/#website\"},\"datePublished\":\"2020-08-24T18:06:51+00:00\",\"description\":\"BFL Security pakub erinevaid l\u00e4bip\u00e4\u00e4sus\u00fcsteeme, videovalves\u00fcsteeme ja muid innovatiivseid lahendusi. Tutvu valikuga siit v\u00f5i k\u00fcsi n\u00f5u meie spetsialistidelt!\",\"breadcrumb\":{\"@id\":\"https:\\\/\\\/bflsecurity.ee\\\/ru\\\/%d1%83%d1%81%d1%82%d0%b0%d0%bd%d0%be%d0%b2%d0%bb%d0%b5%d0%bd%d0%bd%d1%8b%d0%b5-%d0%be%d0%b1%d1%8a%d0%b5%d0%ba%d1%82%d1%8b\\\/#breadcrumb\"},\"inLanguage\":\"ru-RU\",\"potentialAction\":[{\"@type\":\"ReadAction\",\"target\":[\"https:\\\/\\\/bflsecurity.ee\\\/ru\\\/%d1%83%d1%81%d1%82%d0%b0%d0%bd%d0%be%d0%b2%d0%bb%d0%b5%d0%bd%d0%bd%d1%8b%d0%b5-%d0%be%d0%b1%d1%8a%d0%b5%d0%ba%d1%82%d1%8b\\\/\"]}]},{\"@type\":\"BreadcrumbList\",\"@id\":\"https:\\\/\\\/bflsecurity.ee\\\/ru\\\/%d1%83%d1%81%d1%82%d0%b0%d0%bd%d0%be%d0%b2%d0%bb%d0%b5%d0%bd%d0%bd%d1%8b%d0%b5-%d0%be%d0%b1%d1%8a%d0%b5%d0%ba%d1%82%d1%8b\\\/#breadcrumb\",\"itemListElement\":[{\"@type\":\"ListItem\",\"position\":1,\"name\":\"Home\",\"item\":\"https:\\\/\\\/www.bflsecurity.ee\\\/ru\\\/\"},{\"@type\":\"ListItem\",\"position\":2,\"name\":\"\u0423\u0441\u0442\u0430\u043d\u043e\u0432\u043b\u0435\u043d\u043d\u044b\u0435 \u043e\u0431\u044a\u0435\u043a\u0442\u044b\"}]},{\"@type\":\"WebSite\",\"@id\":\"https:\\\/\\\/bflsecurity.ee\\\/#website\",\"url\":\"https:\\\/\\\/bflsecurity.ee\\\/\",\"name\":\"BFL Security | L\u00e4bip\u00e4\u00e4sus\u00fcsteemid, videovalves\u00fcsteemid ja palju muud!\",\"description\":\"L\u00e4bip\u00e4\u00e4sus\u00fcsteemid, videovalves\u00fcsteemid ja palju muud!\",\"publisher\":{\"@id\":\"https:\\\/\\\/bflsecurity.ee\\\/#organization\"},\"potentialAction\":[{\"@type\":\"SearchAction\",\"target\":{\"@type\":\"EntryPoint\",\"urlTemplate\":\"https:\\\/\\\/bflsecurity.ee\\\/?s={search_term_string}\"},\"query-input\":{\"@type\":\"PropertyValueSpecification\",\"valueRequired\":true,\"valueName\":\"search_term_string\"}}],\"inLanguage\":\"ru-RU\"},{\"@type\":\"Organization\",\"@id\":\"https:\\\/\\\/bflsecurity.ee\\\/#organization\",\"name\":\"BFL Security | L\u00e4bip\u00e4\u00e4sus\u00fcsteemid, videovalves\u00fcsteemid ja palju muud!\",\"url\":\"https:\\\/\\\/bflsecurity.ee\\\/\",\"logo\":{\"@type\":\"ImageObject\",\"inLanguage\":\"ru-RU\",\"@id\":\"https:\\\/\\\/bflsecurity.ee\\\/#\\\/schema\\\/logo\\\/image\\\/\",\"url\":\"https:\\\/\\\/www.bflsecurity.ee\\\/wp-content\\\/uploads\\\/2020\\\/01\\\/logo.svg\",\"contentUrl\":\"https:\\\/\\\/www.bflsecurity.ee\\\/wp-content\\\/uploads\\\/2020\\\/01\\\/logo.svg\",\"width\":180,\"height\":57,\"caption\":\"BFL Security | L\u00e4bip\u00e4\u00e4sus\u00fcsteemid, videovalves\u00fcsteemid ja palju muud!\"},\"image\":{\"@id\":\"https:\\\/\\\/bflsecurity.ee\\\/#\\\/schema\\\/logo\\\/image\\\/\"}}]}<\/script>\n<!-- \/ Yoast SEO plugin. -->","yoast_head_json":{"title":"\u0423\u0441\u0442\u0430\u043d\u043e\u0432\u043b\u0435\u043d\u043d\u044b\u0435 \u043e\u0431\u044a\u0435\u043a\u0442\u044b - BFL Security | L\u00e4bip\u00e4\u00e4sus\u00fcsteemid, videovalves\u00fcsteemid ja palju muud!","description":"BFL Security pakub erinevaid l\u00e4bip\u00e4\u00e4sus\u00fcsteeme, videovalves\u00fcsteeme ja muid innovatiivseid lahendusi. Tutvu valikuga siit v\u00f5i k\u00fcsi n\u00f5u meie spetsialistidelt!","robots":{"index":"index","follow":"follow","max-snippet":"max-snippet:-1","max-image-preview":"max-image-preview:large","max-video-preview":"max-video-preview:-1"},"canonical":"https:\/\/bflsecurity.ee\/ru\/\u0443\u0441\u0442\u0430\u043d\u043e\u0432\u043b\u0435\u043d\u043d\u044b\u0435-\u043e\u0431\u044a\u0435\u043a\u0442\u044b\/","og_locale":"ru_RU","og_type":"article","og_title":"\u0423\u0441\u0442\u0430\u043d\u043e\u0432\u043b\u0435\u043d\u043d\u044b\u0435 \u043e\u0431\u044a\u0435\u043a\u0442\u044b - BFL Security | L\u00e4bip\u00e4\u00e4sus\u00fcsteemid, videovalves\u00fcsteemid ja palju muud!","og_description":"BFL Security pakub erinevaid l\u00e4bip\u00e4\u00e4sus\u00fcsteeme, videovalves\u00fcsteeme ja muid innovatiivseid lahendusi. Tutvu valikuga siit v\u00f5i k\u00fcsi n\u00f5u meie spetsialistidelt!","og_url":"https:\/\/bflsecurity.ee\/ru\/\u0443\u0441\u0442\u0430\u043d\u043e\u0432\u043b\u0435\u043d\u043d\u044b\u0435-\u043e\u0431\u044a\u0435\u043a\u0442\u044b\/","og_site_name":"BFL Security | L\u00e4bip\u00e4\u00e4sus\u00fcsteemid, videovalves\u00fcsteemid ja palju muud!","twitter_card":"summary_large_image","twitter_misc":{"\u041f\u0440\u0438\u043c\u0435\u0440\u043d\u043e\u0435 \u0432\u0440\u0435\u043c\u044f \u0434\u043b\u044f \u0447\u0442\u0435\u043d\u0438\u044f":"3 \u043c\u0438\u043d\u0443\u0442\u044b"},"schema":{"@context":"https:\/\/schema.org","@graph":[{"@type":"WebPage","@id":"https:\/\/bflsecurity.ee\/ru\/%d1%83%d1%81%d1%82%d0%b0%d0%bd%d0%be%d0%b2%d0%bb%d0%b5%d0%bd%d0%bd%d1%8b%d0%b5-%d0%be%d0%b1%d1%8a%d0%b5%d0%ba%d1%82%d1%8b\/","url":"https:\/\/bflsecurity.ee\/ru\/%d1%83%d1%81%d1%82%d0%b0%d0%bd%d0%be%d0%b2%d0%bb%d0%b5%d0%bd%d0%bd%d1%8b%d0%b5-%d0%be%d0%b1%d1%8a%d0%b5%d0%ba%d1%82%d1%8b\/","name":"\u0423\u0441\u0442\u0430\u043d\u043e\u0432\u043b\u0435\u043d\u043d\u044b\u0435 \u043e\u0431\u044a\u0435\u043a\u0442\u044b - BFL Security | L\u00e4bip\u00e4\u00e4sus\u00fcsteemid, videovalves\u00fcsteemid ja palju muud!","isPartOf":{"@id":"https:\/\/bflsecurity.ee\/#website"},"datePublished":"2020-08-24T18:06:51+00:00","description":"BFL Security pakub erinevaid l\u00e4bip\u00e4\u00e4sus\u00fcsteeme, videovalves\u00fcsteeme ja muid innovatiivseid lahendusi. Tutvu valikuga siit v\u00f5i k\u00fcsi n\u00f5u meie spetsialistidelt!","breadcrumb":{"@id":"https:\/\/bflsecurity.ee\/ru\/%d1%83%d1%81%d1%82%d0%b0%d0%bd%d0%be%d0%b2%d0%bb%d0%b5%d0%bd%d0%bd%d1%8b%d0%b5-%d0%be%d0%b1%d1%8a%d0%b5%d0%ba%d1%82%d1%8b\/#breadcrumb"},"inLanguage":"ru-RU","potentialAction":[{"@type":"ReadAction","target":["https:\/\/bflsecurity.ee\/ru\/%d1%83%d1%81%d1%82%d0%b0%d0%bd%d0%be%d0%b2%d0%bb%d0%b5%d0%bd%d0%bd%d1%8b%d0%b5-%d0%be%d0%b1%d1%8a%d0%b5%d0%ba%d1%82%d1%8b\/"]}]},{"@type":"BreadcrumbList","@id":"https:\/\/bflsecurity.ee\/ru\/%d1%83%d1%81%d1%82%d0%b0%d0%bd%d0%be%d0%b2%d0%bb%d0%b5%d0%bd%d0%bd%d1%8b%d0%b5-%d0%be%d0%b1%d1%8a%d0%b5%d0%ba%d1%82%d1%8b\/#breadcrumb","itemListElement":[{"@type":"ListItem","position":1,"name":"Home","item":"https:\/\/www.bflsecurity.ee\/ru\/"},{"@type":"ListItem","position":2,"name":"\u0423\u0441\u0442\u0430\u043d\u043e\u0432\u043b\u0435\u043d\u043d\u044b\u0435 \u043e\u0431\u044a\u0435\u043a\u0442\u044b"}]},{"@type":"WebSite","@id":"https:\/\/bflsecurity.ee\/#website","url":"https:\/\/bflsecurity.ee\/","name":"BFL Security | L\u00e4bip\u00e4\u00e4sus\u00fcsteemid, videovalves\u00fcsteemid ja palju muud!","description":"L\u00e4bip\u00e4\u00e4sus\u00fcsteemid, videovalves\u00fcsteemid ja palju muud!","publisher":{"@id":"https:\/\/bflsecurity.ee\/#organization"},"potentialAction":[{"@type":"SearchAction","target":{"@type":"EntryPoint","urlTemplate":"https:\/\/bflsecurity.ee\/?s={search_term_string}"},"query-input":{"@type":"PropertyValueSpecification","valueRequired":true,"valueName":"search_term_string"}}],"inLanguage":"ru-RU"},{"@type":"Organization","@id":"https:\/\/bflsecurity.ee\/#organization","name":"BFL Security | L\u00e4bip\u00e4\u00e4sus\u00fcsteemid, videovalves\u00fcsteemid ja palju muud!","url":"https:\/\/bflsecurity.ee\/","logo":{"@type":"ImageObject","inLanguage":"ru-RU","@id":"https:\/\/bflsecurity.ee\/#\/schema\/logo\/image\/","url":"https:\/\/www.bflsecurity.ee\/wp-content\/uploads\/2020\/01\/logo.svg","contentUrl":"https:\/\/www.bflsecurity.ee\/wp-content\/uploads\/2020\/01\/logo.svg","width":180,"height":57,"caption":"BFL Security | L\u00e4bip\u00e4\u00e4sus\u00fcsteemid, videovalves\u00fcsteemid ja palju muud!"},"image":{"@id":"https:\/\/bflsecurity.ee\/#\/schema\/logo\/image\/"}}]}},"_links":{"self":[{"href":"https:\/\/bflsecurity.ee\/ru\/wp-json\/wp\/v2\/pages\/2489","targetHints":{"allow":["GET"]}}],"collection":[{"href":"https:\/\/bflsecurity.ee\/ru\/wp-json\/wp\/v2\/pages"}],"about":[{"href":"https:\/\/bflsecurity.ee\/ru\/wp-json\/wp\/v2\/types\/page"}],"author":[{"embeddable":true,"href":"https:\/\/bflsecurity.ee\/ru\/wp-json\/wp\/v2\/users\/1"}],"replies":[{"embeddable":true,"href":"https:\/\/bflsecurity.ee\/ru\/wp-json\/wp\/v2\/comments?post=2489"}],"version-history":[{"count":1,"href":"https:\/\/bflsecurity.ee\/ru\/wp-json\/wp\/v2\/pages\/2489\/revisions"}],"predecessor-version":[{"id":2490,"href":"https:\/\/bflsecurity.ee\/ru\/wp-json\/wp\/v2\/pages\/2489\/revisions\/2490"}],"wp:attachment":[{"href":"https:\/\/bflsecurity.ee\/ru\/wp-json\/wp\/v2\/media?parent=2489"}],"curies":[{"name":"wp","href":"https:\/\/api.w.org\/{rel}","templated":true}]}}