{"id":2478,"date":"2020-08-24T17:56:26","date_gmt":"2020-08-24T17:56:26","guid":{"rendered":"https:\/\/bflsecurity.ee\/?page_id=2478"},"modified":"2020-08-24T17:56:26","modified_gmt":"2020-08-24T17:56:26","slug":"%d0%b7%d0%b0%d0%bf%d1%80%d0%be%d1%81-%d1%86%d0%b5%d0%bd%d1%8b","status":"publish","type":"page","link":"https:\/\/bflsecurity.ee\/ru\/%d0%b7%d0%b0%d0%bf%d1%80%d0%be%d1%81-%d1%86%d0%b5%d0%bd%d1%8b\/","title":{"rendered":"\u0417\u0430\u043f\u0440\u043e\u0441 \u0446\u0435\u043d\u044b"},"content":{"rendered":"<div id=\"pl-2478\"  class=\"panel-layout\" ><div id=\"pg-2478-0\"  class=\"panel-grid panel-has-style\" ><div class=\"with-bg panel-row-style panel-row-style-for-2478-0\" ><div id=\"pgc-2478-0-0\"  class=\"panel-grid-cell\" ><div id=\"panel-2478-0-0-0\" class=\"so-panel widget widget_sow-editor panel-first-child panel-last-child\" data-index=\"0\" ><div class=\"inner-content panel-widget-style panel-widget-style-for-2478-0-0-0\" ><div\n\t\t\t\n\t\t\tclass=\"so-widget-sow-editor so-widget-sow-editor-base\"\n\t\t\t\n\t\t>\n<div class=\"siteorigin-widget-tinymce textwidget\">\n\t<h1>\u0421\u043f\u0440\u043e\u0441\u0438\u0442\u0435 \u0446\u0438\u0442\u0430\u0442\u0443<\/h1>\n<p>\u0415\u0441\u043b\u0438 \u0443 \u0432\u0430\u0441 \u0432\u043e\u0437\u043d\u0438\u043a\u043b\u0438 \u043f\u0440\u043e\u0431\u043b\u0435\u043c\u044b \u0441 \u0437\u0430\u043f\u043e\u043b\u043d\u0435\u043d\u0438\u0435\u043c \u0446\u0435\u043d\u043e\u0432\u043e\u0433\u043e \u0437\u0430\u043f\u0440\u043e\u0441\u0430, \u043f\u0440\u043e\u0441\u0442\u043e \u043d\u0430\u043f\u0438\u0448\u0438\u0442\u0435 \u0441\u0432\u043e\u0439 \u0437\u0430\u043f\u0440\u043e\u0441 \u043d\u0430 info@bflsecurity.ee \u0438\u043b\u0438 \u043f\u043e\u0437\u0432\u043e\u043d\u0438\u0442\u0435 \u043f\u043e \u0442\u0435\u043b\u0435\u0444\u043e\u043d\u0443 +372 681 7220 \/ +372 565 5542<\/p>\n\n<div class=\"wpcf7 no-js\" id=\"wpcf7-f5-o1\" lang=\"et\" dir=\"ltr\" data-wpcf7-id=\"5\">\n<div class=\"screen-reader-response\"><p role=\"status\" aria-live=\"polite\" aria-atomic=\"true\"><\/p> <ul><\/ul><\/div>\n<form action=\"\/ru\/wp-json\/wp\/v2\/pages\/2478#wpcf7-f5-o1\" method=\"post\" class=\"wpcf7-form init\" aria-label=\"Contact form\" novalidate=\"novalidate\" data-status=\"init\">\n<fieldset class=\"hidden-fields-container\"><input type=\"hidden\" name=\"_wpcf7\" value=\"5\" \/><input type=\"hidden\" name=\"_wpcf7_version\" value=\"6.1.5\" \/><input type=\"hidden\" name=\"_wpcf7_locale\" value=\"et\" \/><input type=\"hidden\" name=\"_wpcf7_unit_tag\" value=\"wpcf7-f5-o1\" \/><input type=\"hidden\" name=\"_wpcf7_container_post\" value=\"0\" \/><input type=\"hidden\" name=\"_wpcf7_posted_data_hash\" value=\"\" \/><input type=\"hidden\" name=\"_wpcf7_recaptcha_response\" value=\"\" \/>\n<\/fieldset>\n<label> Nimi \/ ettev\u00f5tte nimi*\n    <span class=\"wpcf7-form-control-wrap\" data-name=\"your-name\"><input size=\"40\" maxlength=\"400\" class=\"wpcf7-form-control wpcf7-text wpcf7-validates-as-required\" aria-required=\"true\" aria-invalid=\"false\" value=\"\" type=\"text\" name=\"your-name\" \/><\/span> <\/label>\n\n<label> Email*\n    <span class=\"wpcf7-form-control-wrap\" data-name=\"your-email\"><input size=\"40\" maxlength=\"400\" class=\"wpcf7-form-control wpcf7-email wpcf7-validates-as-required wpcf7-text wpcf7-validates-as-email\" aria-required=\"true\" aria-invalid=\"false\" value=\"\" type=\"email\" name=\"your-email\" \/><\/span> <\/label>\n\n<label> Teie telefon*\n    <span class=\"wpcf7-form-control-wrap\" data-name=\"text-464\"><input size=\"40\" maxlength=\"400\" class=\"wpcf7-form-control wpcf7-text wpcf7-validates-as-required\" aria-required=\"true\" aria-invalid=\"false\" value=\"\" type=\"text\" name=\"text-464\" \/><\/span><\/label>\n\n<label> Objekti aadress*\n    <span class=\"wpcf7-form-control-wrap\" data-name=\"text-465\"><input size=\"40\" maxlength=\"400\" class=\"wpcf7-form-control wpcf7-text wpcf7-validates-as-required\" aria-required=\"true\" aria-invalid=\"false\" value=\"\" type=\"text\" name=\"text-465\" \/><\/span><\/label>\n\n<label> Kirja sisu\n    <span class=\"wpcf7-form-control-wrap\" data-name=\"your-message\"><textarea cols=\"40\" rows=\"10\" maxlength=\"2000\" class=\"wpcf7-form-control wpcf7-textarea\" aria-invalid=\"false\" name=\"your-message\"><\/textarea><\/span> <\/label>\n\n<input class=\"wpcf7-form-control wpcf7-submit has-spinner\" type=\"submit\" value=\"K\u00fcsi pakkumist\" \/><div class=\"wpcf7-response-output\" aria-hidden=\"true\"><\/div>\n<\/form>\n<\/div>\n\n<\/div>\n<\/div><\/div><\/div><\/div><\/div><\/div><\/div>","protected":false},"excerpt":{"rendered":"<p>\u0421\u043f\u0440\u043e\u0441\u0438\u0442\u0435 \u0446\u0438\u0442\u0430\u0442\u0443\u0415\u0441\u043b\u0438 \u0443 \u0432\u0430\u0441 \u0432\u043e\u0437\u043d\u0438\u043a\u043b\u0438 \u043f\u0440\u043e\u0431\u043b\u0435\u043c\u044b \u0441 \u0437\u0430\u043f\u043e\u043b\u043d\u0435\u043d\u0438\u0435\u043c \u0446\u0435\u043d\u043e\u0432\u043e\u0433\u043e \u0437\u0430\u043f\u0440\u043e\u0441\u0430, \u043f\u0440\u043e\u0441\u0442\u043e \u043d\u0430\u043f\u0438\u0448\u0438\u0442\u0435 \u0441\u0432\u043e\u0439 \u0437\u0430\u043f\u0440\u043e\u0441 \u043d\u0430 info@bflsecurity.ee \u0438\u043b\u0438 \u043f\u043e\u0437\u0432\u043e\u043d\u0438\u0442\u0435 \u043f\u043e \u0442\u0435\u043b\u0435\u0444\u043e\u043d\u0443 +372 681 7220 \/ +372 565 5542<\/p>\n","protected":false},"author":1,"featured_media":0,"parent":0,"menu_order":0,"comment_status":"closed","ping_status":"closed","template":"","meta":{"_acf_changed":false,"footnotes":""},"class_list":["post-2478","page","type-page","status-publish","hentry"],"acf":[],"yoast_head":"<!-- This site is optimized with the Yoast SEO plugin v27.3 - https:\/\/yoast.com\/product\/yoast-seo-wordpress\/ -->\n<title>\u0417\u0430\u043f\u0440\u043e\u0441 \u0446\u0435\u043d\u044b - BFL Security | L\u00e4bip\u00e4\u00e4sus\u00fcsteemid, videovalves\u00fcsteemid ja palju muud!<\/title>\n<meta name=\"description\" content=\"BFL Security pakub erinevaid l\u00e4bip\u00e4\u00e4sus\u00fcsteeme, videovalves\u00fcsteeme ja muid innovatiivseid lahendusi. Tutvu valikuga siit v\u00f5i k\u00fcsi n\u00f5u meie spetsialistidelt!\" \/>\n<meta name=\"robots\" content=\"index, follow, max-snippet:-1, max-image-preview:large, max-video-preview:-1\" \/>\n<link rel=\"canonical\" href=\"https:\/\/bflsecurity.ee\/hinnaparing\/\" \/>\n<meta property=\"og:locale\" content=\"ru_RU\" \/>\n<meta property=\"og:type\" content=\"article\" \/>\n<meta property=\"og:title\" content=\"\u0417\u0430\u043f\u0440\u043e\u0441 \u0446\u0435\u043d\u044b - BFL Security | L\u00e4bip\u00e4\u00e4sus\u00fcsteemid, videovalves\u00fcsteemid ja palju muud!\" \/>\n<meta property=\"og:description\" content=\"BFL Security pakub erinevaid l\u00e4bip\u00e4\u00e4sus\u00fcsteeme, videovalves\u00fcsteeme ja muid innovatiivseid lahendusi. Tutvu valikuga siit v\u00f5i k\u00fcsi n\u00f5u meie spetsialistidelt!\" \/>\n<meta property=\"og:url\" content=\"https:\/\/bflsecurity.ee\/hinnaparing\/\" \/>\n<meta property=\"og:site_name\" content=\"BFL Security | L\u00e4bip\u00e4\u00e4sus\u00fcsteemid, videovalves\u00fcsteemid ja palju muud!\" \/>\n<meta name=\"twitter:card\" content=\"summary_large_image\" \/>\n<script type=\"application\/ld+json\" class=\"yoast-schema-graph\">{\"@context\":\"https:\\\/\\\/schema.org\",\"@graph\":[{\"@type\":\"WebPage\",\"@id\":\"https:\\\/\\\/bflsecurity.ee\\\/hinnaparing\\\/\",\"url\":\"https:\\\/\\\/bflsecurity.ee\\\/hinnaparing\\\/\",\"name\":\"\u0417\u0430\u043f\u0440\u043e\u0441 \u0446\u0435\u043d\u044b - BFL Security | L\u00e4bip\u00e4\u00e4sus\u00fcsteemid, videovalves\u00fcsteemid ja palju muud!\",\"isPartOf\":{\"@id\":\"https:\\\/\\\/bflsecurity.ee\\\/#website\"},\"datePublished\":\"2020-08-24T17:56:26+00:00\",\"description\":\"BFL Security pakub erinevaid l\u00e4bip\u00e4\u00e4sus\u00fcsteeme, videovalves\u00fcsteeme ja muid innovatiivseid lahendusi. Tutvu valikuga siit v\u00f5i k\u00fcsi n\u00f5u meie spetsialistidelt!\",\"breadcrumb\":{\"@id\":\"https:\\\/\\\/bflsecurity.ee\\\/hinnaparing\\\/#breadcrumb\"},\"inLanguage\":\"ru-RU\",\"potentialAction\":[{\"@type\":\"ReadAction\",\"target\":[\"https:\\\/\\\/bflsecurity.ee\\\/hinnaparing\\\/\"]}]},{\"@type\":\"BreadcrumbList\",\"@id\":\"https:\\\/\\\/bflsecurity.ee\\\/hinnaparing\\\/#breadcrumb\",\"itemListElement\":[{\"@type\":\"ListItem\",\"position\":1,\"name\":\"Home\",\"item\":\"https:\\\/\\\/www.bflsecurity.ee\\\/ru\\\/\"},{\"@type\":\"ListItem\",\"position\":2,\"name\":\"\u0417\u0430\u043f\u0440\u043e\u0441 \u0446\u0435\u043d\u044b\"}]},{\"@type\":\"WebSite\",\"@id\":\"https:\\\/\\\/bflsecurity.ee\\\/#website\",\"url\":\"https:\\\/\\\/bflsecurity.ee\\\/\",\"name\":\"BFL Security | L\u00e4bip\u00e4\u00e4sus\u00fcsteemid, videovalves\u00fcsteemid ja palju muud!\",\"description\":\"L\u00e4bip\u00e4\u00e4sus\u00fcsteemid, videovalves\u00fcsteemid ja palju muud!\",\"publisher\":{\"@id\":\"https:\\\/\\\/bflsecurity.ee\\\/#organization\"},\"potentialAction\":[{\"@type\":\"SearchAction\",\"target\":{\"@type\":\"EntryPoint\",\"urlTemplate\":\"https:\\\/\\\/bflsecurity.ee\\\/?s={search_term_string}\"},\"query-input\":{\"@type\":\"PropertyValueSpecification\",\"valueRequired\":true,\"valueName\":\"search_term_string\"}}],\"inLanguage\":\"ru-RU\"},{\"@type\":\"Organization\",\"@id\":\"https:\\\/\\\/bflsecurity.ee\\\/#organization\",\"name\":\"BFL Security | L\u00e4bip\u00e4\u00e4sus\u00fcsteemid, videovalves\u00fcsteemid ja palju muud!\",\"url\":\"https:\\\/\\\/bflsecurity.ee\\\/\",\"logo\":{\"@type\":\"ImageObject\",\"inLanguage\":\"ru-RU\",\"@id\":\"https:\\\/\\\/bflsecurity.ee\\\/#\\\/schema\\\/logo\\\/image\\\/\",\"url\":\"https:\\\/\\\/www.bflsecurity.ee\\\/wp-content\\\/uploads\\\/2020\\\/01\\\/logo.svg\",\"contentUrl\":\"https:\\\/\\\/www.bflsecurity.ee\\\/wp-content\\\/uploads\\\/2020\\\/01\\\/logo.svg\",\"width\":180,\"height\":57,\"caption\":\"BFL Security | L\u00e4bip\u00e4\u00e4sus\u00fcsteemid, videovalves\u00fcsteemid ja palju muud!\"},\"image\":{\"@id\":\"https:\\\/\\\/bflsecurity.ee\\\/#\\\/schema\\\/logo\\\/image\\\/\"}}]}<\/script>\n<!-- \/ Yoast SEO plugin. -->","yoast_head_json":{"title":"\u0417\u0430\u043f\u0440\u043e\u0441 \u0446\u0435\u043d\u044b - BFL Security | L\u00e4bip\u00e4\u00e4sus\u00fcsteemid, videovalves\u00fcsteemid ja palju muud!","description":"BFL Security pakub erinevaid l\u00e4bip\u00e4\u00e4sus\u00fcsteeme, videovalves\u00fcsteeme ja muid innovatiivseid lahendusi. Tutvu valikuga siit v\u00f5i k\u00fcsi n\u00f5u meie spetsialistidelt!","robots":{"index":"index","follow":"follow","max-snippet":"max-snippet:-1","max-image-preview":"max-image-preview:large","max-video-preview":"max-video-preview:-1"},"canonical":"https:\/\/bflsecurity.ee\/hinnaparing\/","og_locale":"ru_RU","og_type":"article","og_title":"\u0417\u0430\u043f\u0440\u043e\u0441 \u0446\u0435\u043d\u044b - BFL Security | L\u00e4bip\u00e4\u00e4sus\u00fcsteemid, videovalves\u00fcsteemid ja palju muud!","og_description":"BFL Security pakub erinevaid l\u00e4bip\u00e4\u00e4sus\u00fcsteeme, videovalves\u00fcsteeme ja muid innovatiivseid lahendusi. Tutvu valikuga siit v\u00f5i k\u00fcsi n\u00f5u meie spetsialistidelt!","og_url":"https:\/\/bflsecurity.ee\/hinnaparing\/","og_site_name":"BFL Security | L\u00e4bip\u00e4\u00e4sus\u00fcsteemid, videovalves\u00fcsteemid ja palju muud!","twitter_card":"summary_large_image","schema":{"@context":"https:\/\/schema.org","@graph":[{"@type":"WebPage","@id":"https:\/\/bflsecurity.ee\/hinnaparing\/","url":"https:\/\/bflsecurity.ee\/hinnaparing\/","name":"\u0417\u0430\u043f\u0440\u043e\u0441 \u0446\u0435\u043d\u044b - BFL Security | L\u00e4bip\u00e4\u00e4sus\u00fcsteemid, videovalves\u00fcsteemid ja palju muud!","isPartOf":{"@id":"https:\/\/bflsecurity.ee\/#website"},"datePublished":"2020-08-24T17:56:26+00:00","description":"BFL Security pakub erinevaid l\u00e4bip\u00e4\u00e4sus\u00fcsteeme, videovalves\u00fcsteeme ja muid innovatiivseid lahendusi. Tutvu valikuga siit v\u00f5i k\u00fcsi n\u00f5u meie spetsialistidelt!","breadcrumb":{"@id":"https:\/\/bflsecurity.ee\/hinnaparing\/#breadcrumb"},"inLanguage":"ru-RU","potentialAction":[{"@type":"ReadAction","target":["https:\/\/bflsecurity.ee\/hinnaparing\/"]}]},{"@type":"BreadcrumbList","@id":"https:\/\/bflsecurity.ee\/hinnaparing\/#breadcrumb","itemListElement":[{"@type":"ListItem","position":1,"name":"Home","item":"https:\/\/www.bflsecurity.ee\/ru\/"},{"@type":"ListItem","position":2,"name":"\u0417\u0430\u043f\u0440\u043e\u0441 \u0446\u0435\u043d\u044b"}]},{"@type":"WebSite","@id":"https:\/\/bflsecurity.ee\/#website","url":"https:\/\/bflsecurity.ee\/","name":"BFL Security | L\u00e4bip\u00e4\u00e4sus\u00fcsteemid, videovalves\u00fcsteemid ja palju muud!","description":"L\u00e4bip\u00e4\u00e4sus\u00fcsteemid, videovalves\u00fcsteemid ja palju muud!","publisher":{"@id":"https:\/\/bflsecurity.ee\/#organization"},"potentialAction":[{"@type":"SearchAction","target":{"@type":"EntryPoint","urlTemplate":"https:\/\/bflsecurity.ee\/?s={search_term_string}"},"query-input":{"@type":"PropertyValueSpecification","valueRequired":true,"valueName":"search_term_string"}}],"inLanguage":"ru-RU"},{"@type":"Organization","@id":"https:\/\/bflsecurity.ee\/#organization","name":"BFL Security | L\u00e4bip\u00e4\u00e4sus\u00fcsteemid, videovalves\u00fcsteemid ja palju muud!","url":"https:\/\/bflsecurity.ee\/","logo":{"@type":"ImageObject","inLanguage":"ru-RU","@id":"https:\/\/bflsecurity.ee\/#\/schema\/logo\/image\/","url":"https:\/\/www.bflsecurity.ee\/wp-content\/uploads\/2020\/01\/logo.svg","contentUrl":"https:\/\/www.bflsecurity.ee\/wp-content\/uploads\/2020\/01\/logo.svg","width":180,"height":57,"caption":"BFL Security | L\u00e4bip\u00e4\u00e4sus\u00fcsteemid, videovalves\u00fcsteemid ja palju muud!"},"image":{"@id":"https:\/\/bflsecurity.ee\/#\/schema\/logo\/image\/"}}]}},"_links":{"self":[{"href":"https:\/\/bflsecurity.ee\/ru\/wp-json\/wp\/v2\/pages\/2478","targetHints":{"allow":["GET"]}}],"collection":[{"href":"https:\/\/bflsecurity.ee\/ru\/wp-json\/wp\/v2\/pages"}],"about":[{"href":"https:\/\/bflsecurity.ee\/ru\/wp-json\/wp\/v2\/types\/page"}],"author":[{"embeddable":true,"href":"https:\/\/bflsecurity.ee\/ru\/wp-json\/wp\/v2\/users\/1"}],"replies":[{"embeddable":true,"href":"https:\/\/bflsecurity.ee\/ru\/wp-json\/wp\/v2\/comments?post=2478"}],"version-history":[{"count":1,"href":"https:\/\/bflsecurity.ee\/ru\/wp-json\/wp\/v2\/pages\/2478\/revisions"}],"predecessor-version":[{"id":2479,"href":"https:\/\/bflsecurity.ee\/ru\/wp-json\/wp\/v2\/pages\/2478\/revisions\/2479"}],"wp:attachment":[{"href":"https:\/\/bflsecurity.ee\/ru\/wp-json\/wp\/v2\/media?parent=2478"}],"curies":[{"name":"wp","href":"https:\/\/api.w.org\/{rel}","templated":true}]}}