{"id":2476,"date":"2020-08-24T17:48:38","date_gmt":"2020-08-24T17:48:38","guid":{"rendered":"https:\/\/www.bflsecurity.ee\/?page_id=2476"},"modified":"2020-08-24T17:48:38","modified_gmt":"2020-08-24T17:48:38","slug":"%d0%bf%d0%b0%d1%80%d1%82%d0%bd%d0%b5%d1%80%d1%8b","status":"publish","type":"page","link":"https:\/\/bflsecurity.ee\/ru\/%d0%be-%d0%bd%d0%b0%d1%81\/%d0%bf%d0%b0%d1%80%d1%82%d0%bd%d0%b5%d1%80%d1%8b\/","title":{"rendered":"\u041f\u0430\u0440\u0442\u043d\u0435\u0440\u044b"},"content":{"rendered":"<p>\u041c\u044b \u0442\u0430\u043a\u0436\u0435 \u043c\u043d\u043e\u0433\u043e \u0441\u043e\u0442\u0440\u0443\u0434\u043d\u0438\u0447\u0430\u0435\u043c \u0441 \u044d\u0441\u0442\u043e\u043d\u0441\u043a\u0438\u043c\u0438 \u043a\u043e\u043c\u043f\u0430\u043d\u0438\u044f\u043c\u0438.<\/p>\n<p>Walde As<\/p>\n<p>Inoxi O\u00fc<\/p>\n<p>Lockforce O\u00fc<\/p>\n<p>Lukuexpert O\u00fc<\/p>\n<p>Selko Security O\u00fc<\/p>\n<p>Stopfire O\u00fc<\/p>\n<p>Klinkmann As<\/p>\n<p>Onninen As<\/p>\n<p>BK Eesti As<\/p>\n<p>Topdoor O\u00fc<\/p>\n<p>Aiaekspert O\u00fc<\/p>\n<p>Aiapiirded O\u00fc<\/p>\n<p>Lahever Ehitus O\u00fc<\/p>\n<p>Lukuproff O\u00fc<\/p>\n<p>Lukutark O\u00fc<\/p>\n<p>Stell O\u00fc<\/p>\n<p>Hardmeier O\u00fc<\/p>\n<p>City Security O\u00fc<\/p>\n<p>\u0438 \u0442.\u043f.<\/p>\n","protected":false},"excerpt":{"rendered":"<p>\u041c\u044b \u0442\u0430\u043a\u0436\u0435 \u043c\u043d\u043e\u0433\u043e \u0441\u043e\u0442\u0440\u0443\u0434\u043d\u0438\u0447\u0430\u0435\u043c \u0441 \u044d\u0441\u0442\u043e\u043d\u0441\u043a\u0438\u043c\u0438 \u043a\u043e\u043c\u043f\u0430\u043d\u0438\u044f\u043c\u0438. Walde As Inoxi O\u00fc Lockforce O\u00fc Lukuexpert O\u00fc Selko Security O\u00fc Stopfire O\u00fc Klinkmann As Onninen As BK Eesti As Topdoor O\u00fc Aiaekspert O\u00fc Aiapiirded O\u00fc Lahever Ehitus O\u00fc Lukuproff O\u00fc Lukutark O\u00fc Stell O\u00fc Hardmeier O\u00fc City Security O\u00fc \u0438 \u0442.\u043f.<\/p>\n","protected":false},"author":1,"featured_media":0,"parent":2169,"menu_order":0,"comment_status":"closed","ping_status":"closed","template":"","meta":{"_acf_changed":false,"footnotes":""},"class_list":["post-2476","page","type-page","status-publish","hentry"],"acf":[],"yoast_head":"<!-- This site is optimized with the Yoast SEO plugin v27.3 - https:\/\/yoast.com\/product\/yoast-seo-wordpress\/ -->\n<title>\u041f\u0430\u0440\u0442\u043d\u0435\u0440\u044b - BFL Security | L\u00e4bip\u00e4\u00e4sus\u00fcsteemid, videovalves\u00fcsteemid ja palju muud!<\/title>\n<meta name=\"description\" content=\"BFL Security pakub erinevaid l\u00e4bip\u00e4\u00e4sus\u00fcsteeme, videovalves\u00fcsteeme ja muid innovatiivseid lahendusi. Tutvu valikuga siit v\u00f5i k\u00fcsi n\u00f5u meie spetsialistidelt!\" \/>\n<meta name=\"robots\" content=\"index, follow, max-snippet:-1, max-image-preview:large, max-video-preview:-1\" \/>\n<link rel=\"canonical\" href=\"https:\/\/bflsecurity.ee\/ru\/\u043e-\u043d\u0430\u0441\/\u043f\u0430\u0440\u0442\u043d\u0435\u0440\u044b\/\" \/>\n<meta property=\"og:locale\" content=\"ru_RU\" \/>\n<meta property=\"og:type\" content=\"article\" \/>\n<meta property=\"og:title\" content=\"\u041f\u0430\u0440\u0442\u043d\u0435\u0440\u044b - BFL Security | L\u00e4bip\u00e4\u00e4sus\u00fcsteemid, videovalves\u00fcsteemid ja palju muud!\" \/>\n<meta property=\"og:description\" content=\"BFL Security pakub erinevaid l\u00e4bip\u00e4\u00e4sus\u00fcsteeme, videovalves\u00fcsteeme ja muid innovatiivseid lahendusi. Tutvu valikuga siit v\u00f5i k\u00fcsi n\u00f5u meie spetsialistidelt!\" \/>\n<meta property=\"og:url\" content=\"https:\/\/bflsecurity.ee\/ru\/\u043e-\u043d\u0430\u0441\/\u043f\u0430\u0440\u0442\u043d\u0435\u0440\u044b\/\" \/>\n<meta property=\"og:site_name\" content=\"BFL Security | L\u00e4bip\u00e4\u00e4sus\u00fcsteemid, videovalves\u00fcsteemid ja palju muud!\" \/>\n<meta name=\"twitter:card\" content=\"summary_large_image\" \/>\n<script type=\"application\/ld+json\" class=\"yoast-schema-graph\">{\"@context\":\"https:\\\/\\\/schema.org\",\"@graph\":[{\"@type\":\"WebPage\",\"@id\":\"https:\\\/\\\/bflsecurity.ee\\\/ru\\\/%d0%be-%d0%bd%d0%b0%d1%81\\\/%d0%bf%d0%b0%d1%80%d1%82%d0%bd%d0%b5%d1%80%d1%8b\\\/\",\"url\":\"https:\\\/\\\/bflsecurity.ee\\\/ru\\\/%d0%be-%d0%bd%d0%b0%d1%81\\\/%d0%bf%d0%b0%d1%80%d1%82%d0%bd%d0%b5%d1%80%d1%8b\\\/\",\"name\":\"\u041f\u0430\u0440\u0442\u043d\u0435\u0440\u044b - BFL Security | L\u00e4bip\u00e4\u00e4sus\u00fcsteemid, videovalves\u00fcsteemid ja palju muud!\",\"isPartOf\":{\"@id\":\"https:\\\/\\\/bflsecurity.ee\\\/#website\"},\"datePublished\":\"2020-08-24T17:48:38+00:00\",\"description\":\"BFL Security pakub erinevaid l\u00e4bip\u00e4\u00e4sus\u00fcsteeme, videovalves\u00fcsteeme ja muid innovatiivseid lahendusi. Tutvu valikuga siit v\u00f5i k\u00fcsi n\u00f5u meie spetsialistidelt!\",\"breadcrumb\":{\"@id\":\"https:\\\/\\\/bflsecurity.ee\\\/ru\\\/%d0%be-%d0%bd%d0%b0%d1%81\\\/%d0%bf%d0%b0%d1%80%d1%82%d0%bd%d0%b5%d1%80%d1%8b\\\/#breadcrumb\"},\"inLanguage\":\"ru-RU\",\"potentialAction\":[{\"@type\":\"ReadAction\",\"target\":[\"https:\\\/\\\/bflsecurity.ee\\\/ru\\\/%d0%be-%d0%bd%d0%b0%d1%81\\\/%d0%bf%d0%b0%d1%80%d1%82%d0%bd%d0%b5%d1%80%d1%8b\\\/\"]}]},{\"@type\":\"BreadcrumbList\",\"@id\":\"https:\\\/\\\/bflsecurity.ee\\\/ru\\\/%d0%be-%d0%bd%d0%b0%d1%81\\\/%d0%bf%d0%b0%d1%80%d1%82%d0%bd%d0%b5%d1%80%d1%8b\\\/#breadcrumb\",\"itemListElement\":[{\"@type\":\"ListItem\",\"position\":1,\"name\":\"Home\",\"item\":\"https:\\\/\\\/www.bflsecurity.ee\\\/ru\\\/\"},{\"@type\":\"ListItem\",\"position\":2,\"name\":\"\u041e \u043d\u0430\u0441\",\"item\":\"https:\\\/\\\/bflsecurity.ee\\\/ru\\\/%d0%be-%d0%bd%d0%b0%d1%81\\\/\"},{\"@type\":\"ListItem\",\"position\":3,\"name\":\"\u041f\u0430\u0440\u0442\u043d\u0435\u0440\u044b\"}]},{\"@type\":\"WebSite\",\"@id\":\"https:\\\/\\\/bflsecurity.ee\\\/#website\",\"url\":\"https:\\\/\\\/bflsecurity.ee\\\/\",\"name\":\"BFL Security | L\u00e4bip\u00e4\u00e4sus\u00fcsteemid, videovalves\u00fcsteemid ja palju muud!\",\"description\":\"L\u00e4bip\u00e4\u00e4sus\u00fcsteemid, videovalves\u00fcsteemid ja palju muud!\",\"publisher\":{\"@id\":\"https:\\\/\\\/bflsecurity.ee\\\/#organization\"},\"potentialAction\":[{\"@type\":\"SearchAction\",\"target\":{\"@type\":\"EntryPoint\",\"urlTemplate\":\"https:\\\/\\\/bflsecurity.ee\\\/?s={search_term_string}\"},\"query-input\":{\"@type\":\"PropertyValueSpecification\",\"valueRequired\":true,\"valueName\":\"search_term_string\"}}],\"inLanguage\":\"ru-RU\"},{\"@type\":\"Organization\",\"@id\":\"https:\\\/\\\/bflsecurity.ee\\\/#organization\",\"name\":\"BFL Security | L\u00e4bip\u00e4\u00e4sus\u00fcsteemid, videovalves\u00fcsteemid ja palju muud!\",\"url\":\"https:\\\/\\\/bflsecurity.ee\\\/\",\"logo\":{\"@type\":\"ImageObject\",\"inLanguage\":\"ru-RU\",\"@id\":\"https:\\\/\\\/bflsecurity.ee\\\/#\\\/schema\\\/logo\\\/image\\\/\",\"url\":\"https:\\\/\\\/www.bflsecurity.ee\\\/wp-content\\\/uploads\\\/2020\\\/01\\\/logo.svg\",\"contentUrl\":\"https:\\\/\\\/www.bflsecurity.ee\\\/wp-content\\\/uploads\\\/2020\\\/01\\\/logo.svg\",\"width\":180,\"height\":57,\"caption\":\"BFL Security | L\u00e4bip\u00e4\u00e4sus\u00fcsteemid, videovalves\u00fcsteemid ja palju muud!\"},\"image\":{\"@id\":\"https:\\\/\\\/bflsecurity.ee\\\/#\\\/schema\\\/logo\\\/image\\\/\"}}]}<\/script>\n<!-- \/ Yoast SEO plugin. -->","yoast_head_json":{"title":"\u041f\u0430\u0440\u0442\u043d\u0435\u0440\u044b - BFL Security | L\u00e4bip\u00e4\u00e4sus\u00fcsteemid, videovalves\u00fcsteemid ja palju muud!","description":"BFL Security pakub erinevaid l\u00e4bip\u00e4\u00e4sus\u00fcsteeme, videovalves\u00fcsteeme ja muid innovatiivseid lahendusi. Tutvu valikuga siit v\u00f5i k\u00fcsi n\u00f5u meie spetsialistidelt!","robots":{"index":"index","follow":"follow","max-snippet":"max-snippet:-1","max-image-preview":"max-image-preview:large","max-video-preview":"max-video-preview:-1"},"canonical":"https:\/\/bflsecurity.ee\/ru\/\u043e-\u043d\u0430\u0441\/\u043f\u0430\u0440\u0442\u043d\u0435\u0440\u044b\/","og_locale":"ru_RU","og_type":"article","og_title":"\u041f\u0430\u0440\u0442\u043d\u0435\u0440\u044b - BFL Security | L\u00e4bip\u00e4\u00e4sus\u00fcsteemid, videovalves\u00fcsteemid ja palju muud!","og_description":"BFL Security pakub erinevaid l\u00e4bip\u00e4\u00e4sus\u00fcsteeme, videovalves\u00fcsteeme ja muid innovatiivseid lahendusi. Tutvu valikuga siit v\u00f5i k\u00fcsi n\u00f5u meie spetsialistidelt!","og_url":"https:\/\/bflsecurity.ee\/ru\/\u043e-\u043d\u0430\u0441\/\u043f\u0430\u0440\u0442\u043d\u0435\u0440\u044b\/","og_site_name":"BFL Security | L\u00e4bip\u00e4\u00e4sus\u00fcsteemid, videovalves\u00fcsteemid ja palju muud!","twitter_card":"summary_large_image","schema":{"@context":"https:\/\/schema.org","@graph":[{"@type":"WebPage","@id":"https:\/\/bflsecurity.ee\/ru\/%d0%be-%d0%bd%d0%b0%d1%81\/%d0%bf%d0%b0%d1%80%d1%82%d0%bd%d0%b5%d1%80%d1%8b\/","url":"https:\/\/bflsecurity.ee\/ru\/%d0%be-%d0%bd%d0%b0%d1%81\/%d0%bf%d0%b0%d1%80%d1%82%d0%bd%d0%b5%d1%80%d1%8b\/","name":"\u041f\u0430\u0440\u0442\u043d\u0435\u0440\u044b - BFL Security | L\u00e4bip\u00e4\u00e4sus\u00fcsteemid, videovalves\u00fcsteemid ja palju muud!","isPartOf":{"@id":"https:\/\/bflsecurity.ee\/#website"},"datePublished":"2020-08-24T17:48:38+00:00","description":"BFL Security pakub erinevaid l\u00e4bip\u00e4\u00e4sus\u00fcsteeme, videovalves\u00fcsteeme ja muid innovatiivseid lahendusi. Tutvu valikuga siit v\u00f5i k\u00fcsi n\u00f5u meie spetsialistidelt!","breadcrumb":{"@id":"https:\/\/bflsecurity.ee\/ru\/%d0%be-%d0%bd%d0%b0%d1%81\/%d0%bf%d0%b0%d1%80%d1%82%d0%bd%d0%b5%d1%80%d1%8b\/#breadcrumb"},"inLanguage":"ru-RU","potentialAction":[{"@type":"ReadAction","target":["https:\/\/bflsecurity.ee\/ru\/%d0%be-%d0%bd%d0%b0%d1%81\/%d0%bf%d0%b0%d1%80%d1%82%d0%bd%d0%b5%d1%80%d1%8b\/"]}]},{"@type":"BreadcrumbList","@id":"https:\/\/bflsecurity.ee\/ru\/%d0%be-%d0%bd%d0%b0%d1%81\/%d0%bf%d0%b0%d1%80%d1%82%d0%bd%d0%b5%d1%80%d1%8b\/#breadcrumb","itemListElement":[{"@type":"ListItem","position":1,"name":"Home","item":"https:\/\/www.bflsecurity.ee\/ru\/"},{"@type":"ListItem","position":2,"name":"\u041e \u043d\u0430\u0441","item":"https:\/\/bflsecurity.ee\/ru\/%d0%be-%d0%bd%d0%b0%d1%81\/"},{"@type":"ListItem","position":3,"name":"\u041f\u0430\u0440\u0442\u043d\u0435\u0440\u044b"}]},{"@type":"WebSite","@id":"https:\/\/bflsecurity.ee\/#website","url":"https:\/\/bflsecurity.ee\/","name":"BFL Security | L\u00e4bip\u00e4\u00e4sus\u00fcsteemid, videovalves\u00fcsteemid ja palju muud!","description":"L\u00e4bip\u00e4\u00e4sus\u00fcsteemid, videovalves\u00fcsteemid ja palju muud!","publisher":{"@id":"https:\/\/bflsecurity.ee\/#organization"},"potentialAction":[{"@type":"SearchAction","target":{"@type":"EntryPoint","urlTemplate":"https:\/\/bflsecurity.ee\/?s={search_term_string}"},"query-input":{"@type":"PropertyValueSpecification","valueRequired":true,"valueName":"search_term_string"}}],"inLanguage":"ru-RU"},{"@type":"Organization","@id":"https:\/\/bflsecurity.ee\/#organization","name":"BFL Security | L\u00e4bip\u00e4\u00e4sus\u00fcsteemid, videovalves\u00fcsteemid ja palju muud!","url":"https:\/\/bflsecurity.ee\/","logo":{"@type":"ImageObject","inLanguage":"ru-RU","@id":"https:\/\/bflsecurity.ee\/#\/schema\/logo\/image\/","url":"https:\/\/www.bflsecurity.ee\/wp-content\/uploads\/2020\/01\/logo.svg","contentUrl":"https:\/\/www.bflsecurity.ee\/wp-content\/uploads\/2020\/01\/logo.svg","width":180,"height":57,"caption":"BFL Security | L\u00e4bip\u00e4\u00e4sus\u00fcsteemid, videovalves\u00fcsteemid ja palju muud!"},"image":{"@id":"https:\/\/bflsecurity.ee\/#\/schema\/logo\/image\/"}}]}},"_links":{"self":[{"href":"https:\/\/bflsecurity.ee\/ru\/wp-json\/wp\/v2\/pages\/2476","targetHints":{"allow":["GET"]}}],"collection":[{"href":"https:\/\/bflsecurity.ee\/ru\/wp-json\/wp\/v2\/pages"}],"about":[{"href":"https:\/\/bflsecurity.ee\/ru\/wp-json\/wp\/v2\/types\/page"}],"author":[{"embeddable":true,"href":"https:\/\/bflsecurity.ee\/ru\/wp-json\/wp\/v2\/users\/1"}],"replies":[{"embeddable":true,"href":"https:\/\/bflsecurity.ee\/ru\/wp-json\/wp\/v2\/comments?post=2476"}],"version-history":[{"count":1,"href":"https:\/\/bflsecurity.ee\/ru\/wp-json\/wp\/v2\/pages\/2476\/revisions"}],"predecessor-version":[{"id":2477,"href":"https:\/\/bflsecurity.ee\/ru\/wp-json\/wp\/v2\/pages\/2476\/revisions\/2477"}],"up":[{"embeddable":true,"href":"https:\/\/bflsecurity.ee\/ru\/wp-json\/wp\/v2\/pages\/2169"}],"wp:attachment":[{"href":"https:\/\/bflsecurity.ee\/ru\/wp-json\/wp\/v2\/media?parent=2476"}],"curies":[{"name":"wp","href":"https:\/\/api.w.org\/{rel}","templated":true}]}}