{"id":2169,"date":"2020-04-21T11:11:20","date_gmt":"2020-04-21T11:11:20","guid":{"rendered":"https:\/\/bflsecurity.ee\/?page_id=2169"},"modified":"2020-08-24T18:00:29","modified_gmt":"2020-08-24T18:00:29","slug":"%d0%be-%d0%bd%d0%b0%d1%81","status":"publish","type":"page","link":"https:\/\/bflsecurity.ee\/ru\/%d0%be-%d0%bd%d0%b0%d1%81\/","title":{"rendered":"\u041e \u043d\u0430\u0441"},"content":{"rendered":"<div id=\"pl-2169\"  class=\"panel-layout\" ><div id=\"pg-2169-0\"  class=\"panel-grid panel-has-style\" ><div class=\"with-bg panel-row-style panel-row-style-for-2169-0\" ><div id=\"pgc-2169-0-0\"  class=\"panel-grid-cell\" ><div id=\"panel-2169-0-0-0\" class=\"so-panel widget widget_sow-editor panel-first-child\" data-index=\"0\" ><div class=\"inner-content panel-widget-style panel-widget-style-for-2169-0-0-0\" ><div\n\t\t\t\n\t\t\tclass=\"so-widget-sow-editor so-widget-sow-editor-base\"\n\t\t\t\n\t\t><h3 class=\"widget-title\">\u041e \u0424\u0418\u0420\u041c\u0415  <\/h3>\n<div class=\"siteorigin-widget-tinymce textwidget\">\n\t<div>\n<div>\n<div id=\"content\" class=\"content\">\n<p><span lang=\"RU\">BFL Security \u043d\u0430\u0447\u0430\u043b\u0430 \u0441\u0432\u043e\u044e \u0434\u0435\u044f\u0442\u0435\u043b\u044c\u043d\u043e\u0441\u0442\u044c \u0432 2007 \u0433\u043e\u0434\u0443 \u0432 \u043a\u0430\u0447\u0435\u0441\u0442\u0432\u0435 \u043f\u0440\u0435\u0434\u043f\u0440\u0438\u044f\u0442\u0438\u044f, \u0441\u043f\u0435\u0446\u0438\u0430\u043b\u0438\u0437\u0438\u0440\u0443\u044e\u0449\u0435\u0433\u043e\u0441\u044f \u043d\u0430 \u043f\u0440\u043e\u0434\u0430\u0436\u0435, \u0443\u0441\u0442\u0430\u043d\u043e\u0432\u043a\u0435 \u0438 \u043e\u0431\u0441\u043b\u0443\u0436\u0438\u0432\u0430\u043d\u0438\u0438 \u043f\u0440\u043e\u043f\u0443\u0441\u043a\u043d\u044b\u0445 \u0441\u0438\u0441\u0442\u0435\u043c. \u0411\u043b\u0430\u0433\u043e\u0434\u0430\u0440\u044f \u043a\u043e\u043d\u043a\u0440\u0435\u0442\u043d\u043e\u0439 \u0441\u0444\u0435\u0440\u0435 \u0434\u0435\u044f\u0442\u0435\u043b\u044c\u043d\u043e\u0441\u0442\u0438 \u0438 \u0441\u043e\u0441\u0440\u0435\u0434\u043e\u0442\u043e\u0447\u0435\u043d\u043d\u043e\u0439 \u043d\u0430 \u043a\u043b\u0438\u0435\u043d\u0442\u0435 \u0440\u0430\u0431\u043e\u0442\u0435 \u043c\u044b \u0437\u0430\u0441\u043b\u0443\u0436\u0438\u043b\u0438 \u0441\u0440\u0435\u0434\u0438 \u0441\u0432\u043e\u0438\u0445 \u043a\u043b\u0438\u0435\u043d\u0442\u043e\u0432 \u0440\u0435\u043f\u0443\u0442\u0430\u0446\u0438\u044e \u043a\u043e\u043c\u043f\u0435\u0442\u0435\u043d\u0442\u043d\u043e\u0433\u043e \u0438 \u0441\u0442\u0430\u0431\u0438\u043b\u044c\u043d\u043e\u0433\u043e \u043f\u0430\u0440\u0442\u043d\u0451\u0440\u0430.<\/span><\/p>\n<p><span lang=\"RU\">\u0427\u0442\u043e \u043f\u0440\u0435\u0434\u0441\u0442\u0430\u0432\u043b\u044f\u0435\u0442 \u0441\u043e\u0431\u043e\u0439 \u0441\u0438\u0441\u0442\u0435\u043c\u0430 \u0434\u043e\u043c\u043e\u0444\u043e\u043d\u043e\u0432? \u0421\u0438\u0441\u0442\u0435\u043c\u0430 \u0434\u043e\u043c\u043e\u0444\u043e\u043d\u043e\u0432 \u043e\u0431\u044a\u0435\u0434\u0438\u043d\u044f\u0435\u0442 \u0432 \u0441\u0435\u0431\u0435 \u0434\u0432\u0435 \u0444\u0443\u043d\u043a\u0446\u0438\u0438: \u043f\u0435\u0440\u0435\u0434\u0430\u0447\u0430 \u0440\u0435\u0447\u0438 (\u0432 \u0441\u0438\u0441\u0442\u0435\u043c\u0435 \u0432\u0438\u0434\u0435\u043e\u0434\u043e\u043c\u043e\u0444\u043e\u043d\u043e\u0432 \u0442\u0430\u043a\u0436\u0435 \u043f\u0435\u0440\u0435\u0434\u0430\u0447\u0430 \u0438\u0437\u043e\u0431\u0440\u0430\u0436\u0435\u043d\u0438\u044f) \u0438 \u043e\u0442\u043a\u0440\u044b\u0432\u0430\u043d\u0438\u0435 \u0434\u0432\u0435\u0440\u0438 \u043f\u0440\u0438 \u043f\u043e\u043c\u043e\u0449\u0438 \u0434\u0438\u0441\u0442\u0430\u043d\u0446\u0438\u043e\u043d\u043d\u043e\u0433\u043e \u043e\u0431\u043e\u0440\u0443\u0434\u043e\u0432\u0430\u043d\u0438\u044f. \u0427\u0430\u0449\u0435 \u0432\u0441\u0435\u0433\u043e \u0434\u043e\u043c\u043e\u0444\u043e\u043d\u044b \u0443\u0441\u0442\u0430\u043d\u0430\u0432\u043b\u0438\u0432\u0430\u044e\u0442\u0441\u044f \u0432 \u043f\u043e\u0434\u044a\u0435\u0437\u0434\u0430\u0445 \u043c\u043d\u043e\u0433\u043e\u043a\u0432\u0430\u0440\u0442\u0438\u0440\u043d\u044b\u0445 \u0436\u0438\u043b\u044b\u0445 \u0434\u043e\u043c\u043e\u0432 \u0438 \u0432 \u043e\u0444\u0438\u0441\u0430\u0445. \u041f\u0440\u0438 \u043f\u043e\u043c\u043e\u0449\u0438 \u0434\u043e\u043c\u043e\u0444\u043e\u043d\u0430 \u043c\u043e\u0436\u043d\u043e \u0432\u043f\u0443\u0441\u043a\u0430\u0442\u044c \u0441\u0432\u043e\u0438\u0445 \u0433\u043e\u0441\u0442\u0435\u0439 \u0432 \u0434\u043e\u043c, \u043d\u0435 \u0432\u044b\u0445\u043e\u0434\u044f \u0438\u0437 \u043a\u0432\u0430\u0440\u0442\u0438\u0440\u044b. \u0422\u0430\u043a\u0436\u0435 \u0434\u043e\u043c\u043e\u0444\u043e\u043d\u044b \u0438\u0441\u043f\u043e\u043b\u044c\u0437\u0443\u044e\u0442\u0441\u044f \u0432 \u043e\u0444\u0438\u0441\u0430\u0445 \u0438 \u0447\u0430\u0441\u0442\u043d\u044b\u0445 \u0434\u043e\u043c\u0430\u0445.<\/span><\/p>\n<p>\u0412\u0434\u043e\u0431\u0430\u0432\u043e\u043a \u043a \u0441\u0438\u0441\u0442\u0435\u043c\u0430\u043c \u0434\u043e\u043c\u043e\u0444\u043e\u043d\u043e\u0432 \u043c\u044b \u043f\u0440\u0435\u0434\u043b\u0430\u0433\u0430\u0435\u043c \u043a\u043b\u0438\u0435\u043d\u0442\u0430\u043c \u0432\u0441\u0435 \u0441\u043e\u043f\u0440\u043e\u0432\u043e\u0436\u0434\u0430\u044e\u0449\u0438\u0435 \u0438\u0445 \u0438 \u043e\u0442\u043d\u043e\u0441\u044f\u0449\u0438\u0435\u0441\u044f \u043a \u043d\u0438\u043c \u0434\u043e\u043f\u043e\u043b\u043d\u0435\u043d\u0438\u044f \u2013 \u043f\u0440\u043e\u043f\u0443\u0441\u043a\u043d\u044b\u0435 \u0441\u0438\u0441\u0442\u0435\u043c\u044b, \u0437\u0430\u043c\u043a\u0438 \u0438 \u0441\u0438\u0441\u0442\u0435\u043c\u044b \u0437\u0430\u043f\u0438\u0440\u0430\u043d\u0438\u044f \u0434\u0432\u0435\u0440\u0435\u0439, \u043c\u0435\u0442\u0430\u043b\u043b\u0438\u0447\u0435\u0441\u043a\u0438\u0435 \u043d\u0430\u0440\u0443\u0436\u043d\u044b\u0435 \u0438 \u043f\u0440\u043e\u0444\u0438\u043b\u044c\u043d\u044b\u0435 \u0434\u0432\u0435\u0440\u0438, \u043e\u0433\u0440\u0430\u0434\u044b, \u0432\u043e\u0440\u043e\u0442\u0430 \u0438 \u0430\u0432\u0442\u043e\u043c\u0430\u0442\u0438\u043a\u0443 \u0434\u043b\u044f \u0432\u043e\u0440\u043e\u0442, \u043f\u043e\u0447\u0442\u043e\u0432\u044b\u0435 \u044f\u0449\u0438\u043a\u0438 \u0438 \u0442.\u0434. \u0422\u0430\u043a\u0436\u0435 \u043f\u0440\u0435\u0434\u043b\u0430\u0433\u0430\u0435\u043c \u0443\u0441\u0442\u0430\u043d\u043e\u0432\u043a\u0443, \u043e\u0431\u0441\u043b\u0443\u0436\u0438\u0432\u0430\u043d\u0438\u0435 \u0438 \u0440\u0435\u043c\u043e\u043d\u0442 \u044d\u0442\u0438\u0445 \u0438\u0437\u0434\u0435\u043b\u0438\u0439.<\/p>\n<p>\u041f\u0440\u0438\u043d\u0446\u0438\u043f\u044b \u0434\u0435\u044f\u0442\u0435\u043b\u044c\u043d\u043e\u0441\u0442\u0438 BFL Security O\u00fc<br \/>\n\u041e\u0441\u043d\u043e\u0432\u043d\u044b\u043c\u0438 \u043d\u0430\u0448\u0438\u043c\u0438 \u043a\u043b\u0438\u0435\u043d\u0442\u0430\u043c\u0438 \u044f\u0432\u043b\u044f\u044e\u0442\u0441\u044f \u0436\u0438\u043b\u0438\u0449\u043d\u044b\u0435 \u0438 \u043a\u0432\u0430\u0440\u0442\u0438\u0440\u043d\u044b\u0435 \u0442\u043e\u0432\u0430\u0440\u0438\u0449\u0435\u0441\u0442\u0432\u0430, \u043f\u0440\u0435\u0434\u043f\u0440\u0438\u044f\u0442\u0438\u044f \u043f\u043e \u0443\u043f\u0440\u0430\u0432\u043b\u0435\u043d\u0438\u044e \u0438 \u0440\u0430\u0437\u0432\u0438\u0442\u0438\u044e \u043d\u0435\u0434\u0432\u0438\u0436\u0438\u043c\u043e\u0441\u0442\u0438, \u0441\u0442\u0440\u043e\u0438\u0442\u0435\u043b\u044c\u043d\u044b\u0435 \u0438 \u043f\u0440\u043e\u0435\u043a\u0442\u0438\u0440\u043e\u0432\u043e\u0447\u043d\u044b\u0435 \u0444\u0438\u0440\u043c\u044b, \u0441\u043e\u0431\u0441\u0442\u0432\u0435\u043d\u043d\u0438\u043a\u0438 \u0447\u0430\u0441\u0442\u043d\u044b\u0445 \u0434\u043e\u043c\u043e\u0432, \u043e\u0444\u0438\u0441\u044b \u0438 \u043c\u0430\u0433\u0430\u0437\u0438\u043d\u044b.<\/p>\n<\/div>\n<\/div>\n<div>\n<div class=\"content_container\">\n<div class=\"content_container\">\n<div class=\"rightpanel\"><\/div>\n<\/div>\n<\/div>\n<\/div>\n<\/div>\n<div><\/div>\n<\/div>\n<\/div><\/div><\/div><div id=\"panel-2169-0-0-1\" class=\"widget_text so-panel widget widget_custom_html panel-last-child\" data-index=\"1\" ><div class=\"textwidget custom-html-widget\"><div class=\"why-choose-us-slider-container\"><div class=\"why-choose-us-slider-wrapper\"><div class=\"why-choose-us-testimonial-slider-wrapper\"><div class=\"why-choose-us-testimonial-slider\"><div class=\"text-slide\"><span class=\"text-slide-index\">1<\/span><h3 class=\"text-title\">Aastatepikkune kogemus<\/h3><div class=\"text\"><p>Meie meeskonna suur t\u00f6\u00f6kogemus v\u00f5imaldab meil ka k\u00f5ige keerukamaid lahendusi pakkuda.<\/p>\n<p>Meie t\u00f6\u00f6tajate kogemused samas valdkonnas t\u00f6\u00f6tamisest on aastast 1998<\/p>\n<\/div><\/div><div class=\"text-slide\"><span class=\"text-slide-index\">2<\/span><h3 class=\"text-title\">Pakume ka hooldus-ja remontteenuseid<\/h3><div class=\"text\"><p><span style=\"font-weight: 400;\">Paljud m\u00fc\u00fcjad ei paku hilisemat hooldust. Meie aitame teil hoida seadmed korras!<\/span><\/p>\n<p>Meiega on v\u00f5imalik teha hoolduslepingud nii\u00a0 aasta kaupa, kui kvartaalseid.<\/p>\n<p>BFL Security <strong>tasuline v\u00e4ljakutse<\/strong> on arendatud iseseisvaks teenuseks ja me ei tee vahet, kas s\u00fcsteem on meie paigaldatud v\u00f5i mitte.<\/p>\n<p>Meie hooldustehnikud on k\u00f5ik aastatepikkuse t\u00f6\u00f6kogemusega ja turul kasutatava tehnikaga h\u00e4sti kursis.<\/p>\n<\/div><\/div><div class=\"text-slide\"><span class=\"text-slide-index\">3<\/span><h3 class=\"text-title\">Lai tootevalik<\/h3><div class=\"text\"><p><span style=\"font-weight: 400;\">Oleme edasim\u00fc\u00fcjaks paljudele tuntud firmade toodetele, kelle aastatepikkune kogemus on suutnud v\u00e4lja arendada\u00a0 erinevaid h\u00e4id lahendusi. Meie tootevalik suureneb pidevalt ja otsime huvitavaid tooteid mis sobivad meie turule.\u00a0<\/span><\/p>\n<\/div><\/div><div class=\"text-slide\"><span class=\"text-slide-index\">4<\/span><h3 class=\"text-title\">Tasuta konsultatsioonid<\/h3><div class=\"text\"><p><span style=\"font-weight: 400;\">Tasuta konsultatsioonid! Aitame leida Teile sobivama lahenduse.<\/span><\/p>\n<p>Koost\u00f6\u00f6s oma partnerfirmadega pakume komplekteenust kus n\u00e4iteks lisaks l\u00e4bip\u00e4\u00e4sus\u00fcsteemidele saate meilt ka uued v\u00e4lisuksed v\u00f5i v\u00e4ravad.<\/p>\n<\/div><\/div><div class=\"text-slide\"><span class=\"text-slide-index\">5<\/span><h3 class=\"text-title\">Kvaliteet, kvaliteet ja veelkord kvaliteet<\/h3><div class=\"text\"><p><span style=\"font-weight: 400;\">Oleme testinud k\u00f5iki oma tooteid ja m\u00fc\u00fcme vaid neid\u00a0 mis sobivad meie tingimustesse ja on kvaliteetsed. Anname oma toodetele ja paigaldusele 2-aastase garantii!<\/span><\/p>\n<\/div><\/div><div class=\"text-slide\"><span class=\"text-slide-index\">6<\/span><h3 class=\"text-title\">L\u00e4bim\u00f5eldud lahendused<\/h3><div class=\"text\"><p><span style=\"font-weight: 400;\">Meie paigaldatavad projektid on alati detailideni l\u00e4bim\u00f5eldud, et paigaldusprotsess oleks v\u00f5imalikult lihtne ja annaks 100% vajaliku tulemuse ja klient j\u00e4\u00e4ks sellega rahule.<\/span><\/p>\n<\/div><\/div><\/div><\/div><div class=\"why-choose-us-image-slider-wrapper\"><div class=\"why-choose-us-image-slider\"><div class=\"image-slide\"><img decoding=\"async\" src=\"https:\/\/bflsecurity.ee\/wp-content\/uploads\/2021\/02\/aastatepikkune-kogemus-790x445.jpg\" alt=\"\"><\/div><div class=\"image-slide\"><img decoding=\"async\" src=\"https:\/\/bflsecurity.ee\/wp-content\/uploads\/2020\/01\/hooldustood-790x445.jpg\" alt=\"\"><\/div><div class=\"image-slide\"><img decoding=\"async\" src=\"https:\/\/bflsecurity.ee\/wp-content\/uploads\/2020\/01\/lai-tootevalik-790x445.jpg\" alt=\"\"><\/div><div class=\"image-slide\"><img decoding=\"async\" src=\"https:\/\/bflsecurity.ee\/wp-content\/uploads\/2020\/01\/tasuta-kontsultatsioonid-790x445.jpg\" alt=\"\"><\/div><div class=\"image-slide\"><img decoding=\"async\" src=\"https:\/\/bflsecurity.ee\/wp-content\/uploads\/2020\/01\/kvaliteet-790x445.jpg\" alt=\"\"><\/div><div class=\"image-slide\"><img decoding=\"async\" src=\"https:\/\/bflsecurity.ee\/wp-content\/uploads\/2020\/01\/1987-790x445.png\" alt=\"\"><\/div><\/div><div class=\"slider-controls-wrapper\"><a class=\"slider-control prev\" href=\"#\" role=\"button\" data-slide=\"prev\"><\/a><a class=\"slider-control next\" href=\"#\" role=\"button\" data-slide=\"next\"><\/a><\/div><\/div><\/div><\/div><\/div><\/div><\/div><\/div><\/div><\/div>","protected":false},"excerpt":{"rendered":"<p>BFL Security \u043d\u0430\u0447\u0430\u043b\u0430 \u0441\u0432\u043e\u044e \u0434\u0435\u044f\u0442\u0435\u043b\u044c\u043d\u043e\u0441\u0442\u044c \u0432 2007 \u0433\u043e\u0434\u0443 \u0432 \u043a\u0430\u0447\u0435\u0441\u0442\u0432\u0435 \u043f\u0440\u0435\u0434\u043f\u0440\u0438\u044f\u0442\u0438\u044f, \u0441\u043f\u0435\u0446\u0438\u0430\u043b\u0438\u0437\u0438\u0440\u0443\u044e\u0449\u0435\u0433\u043e\u0441\u044f \u043d\u0430 \u043f\u0440\u043e\u0434\u0430\u0436\u0435, \u0443\u0441\u0442\u0430\u043d\u043e\u0432\u043a\u0435 \u0438 \u043e\u0431\u0441\u043b\u0443\u0436\u0438\u0432\u0430\u043d\u0438\u0438 \u043f\u0440\u043e\u043f\u0443\u0441\u043a\u043d\u044b\u0445 \u0441\u0438\u0441\u0442\u0435\u043c. \u0411\u043b\u0430\u0433\u043e\u0434\u0430\u0440\u044f \u043a\u043e\u043d\u043a\u0440\u0435\u0442\u043d\u043e\u0439 \u0441\u0444\u0435\u0440\u0435 \u0434\u0435\u044f\u0442\u0435\u043b\u044c\u043d\u043e\u0441\u0442\u0438 \u0438 \u0441\u043e\u0441\u0440\u0435\u0434\u043e\u0442\u043e\u0447\u0435\u043d\u043d\u043e\u0439 \u043d\u0430 \u043a\u043b\u0438\u0435\u043d\u0442\u0435 \u0440\u0430\u0431\u043e\u0442\u0435 \u043c\u044b \u0437\u0430\u0441\u043b\u0443\u0436\u0438\u043b\u0438 \u0441\u0440\u0435\u0434\u0438 \u0441\u0432\u043e\u0438\u0445 \u043a\u043b\u0438\u0435\u043d\u0442\u043e\u0432 \u0440\u0435\u043f\u0443\u0442\u0430\u0446\u0438\u044e \u043a\u043e\u043c\u043f\u0435\u0442\u0435\u043d\u0442\u043d\u043e\u0433\u043e \u0438 \u0441\u0442\u0430\u0431\u0438\u043b\u044c\u043d\u043e\u0433\u043e \u043f\u0430\u0440\u0442\u043d\u0451\u0440\u0430. \u0427\u0442\u043e \u043f\u0440\u0435\u0434\u0441\u0442\u0430\u0432\u043b\u044f\u0435\u0442 \u0441\u043e\u0431\u043e\u0439 \u0441\u0438\u0441\u0442\u0435\u043c\u0430 \u0434\u043e\u043c\u043e\u0444\u043e\u043d\u043e\u0432? \u0421\u0438\u0441\u0442\u0435\u043c\u0430 \u0434\u043e\u043c\u043e\u0444\u043e\u043d\u043e\u0432 \u043e\u0431\u044a\u0435\u0434\u0438\u043d\u044f\u0435\u0442 \u0432 \u0441\u0435\u0431\u0435 \u0434\u0432\u0435 \u0444\u0443\u043d\u043a\u0446\u0438\u0438: \u043f\u0435\u0440\u0435\u0434\u0430\u0447\u0430 \u0440\u0435\u0447\u0438 (\u0432 \u0441\u0438\u0441\u0442\u0435\u043c\u0435 \u0432\u0438\u0434\u0435\u043e\u0434\u043e\u043c\u043e\u0444\u043e\u043d\u043e\u0432 [&hellip;]<\/p>\n","protected":false},"author":1,"featured_media":0,"parent":0,"menu_order":0,"comment_status":"closed","ping_status":"closed","template":"","meta":{"_acf_changed":false,"footnotes":""},"class_list":["post-2169","page","type-page","status-publish","hentry"],"acf":[],"yoast_head":"<!-- This site is optimized with the Yoast SEO plugin v27.3 - https:\/\/yoast.com\/product\/yoast-seo-wordpress\/ -->\n<title>\u041e \u043d\u0430\u0441 - BFL Security | L\u00e4bip\u00e4\u00e4sus\u00fcsteemid, videovalves\u00fcsteemid ja palju muud!<\/title>\n<meta name=\"description\" content=\"BFL Security pakub erinevaid l\u00e4bip\u00e4\u00e4sus\u00fcsteeme, videovalves\u00fcsteeme ja muid innovatiivseid lahendusi. Tutvu valikuga siit v\u00f5i k\u00fcsi n\u00f5u meie spetsialistidelt!\" \/>\n<meta name=\"robots\" content=\"index, follow, max-snippet:-1, max-image-preview:large, max-video-preview:-1\" \/>\n<link rel=\"canonical\" href=\"https:\/\/bflsecurity.ee\/ru\/\u043e-\u043d\u0430\u0441\/\" \/>\n<meta property=\"og:locale\" content=\"ru_RU\" \/>\n<meta property=\"og:type\" content=\"article\" \/>\n<meta property=\"og:title\" content=\"\u041e \u043d\u0430\u0441 - BFL Security | L\u00e4bip\u00e4\u00e4sus\u00fcsteemid, videovalves\u00fcsteemid ja palju muud!\" \/>\n<meta property=\"og:description\" content=\"BFL Security pakub erinevaid l\u00e4bip\u00e4\u00e4sus\u00fcsteeme, videovalves\u00fcsteeme ja muid innovatiivseid lahendusi. Tutvu valikuga siit v\u00f5i k\u00fcsi n\u00f5u meie spetsialistidelt!\" \/>\n<meta property=\"og:url\" content=\"https:\/\/bflsecurity.ee\/ru\/\u043e-\u043d\u0430\u0441\/\" \/>\n<meta property=\"og:site_name\" content=\"BFL Security | L\u00e4bip\u00e4\u00e4sus\u00fcsteemid, videovalves\u00fcsteemid ja palju muud!\" \/>\n<meta property=\"article:modified_time\" content=\"2020-08-24T18:00:29+00:00\" \/>\n<meta name=\"twitter:card\" content=\"summary_large_image\" \/>\n<script type=\"application\/ld+json\" class=\"yoast-schema-graph\">{\"@context\":\"https:\\\/\\\/schema.org\",\"@graph\":[{\"@type\":\"WebPage\",\"@id\":\"https:\\\/\\\/bflsecurity.ee\\\/ru\\\/%d0%be-%d0%bd%d0%b0%d1%81\\\/\",\"url\":\"https:\\\/\\\/bflsecurity.ee\\\/ru\\\/%d0%be-%d0%bd%d0%b0%d1%81\\\/\",\"name\":\"\u041e \u043d\u0430\u0441 - BFL Security | L\u00e4bip\u00e4\u00e4sus\u00fcsteemid, videovalves\u00fcsteemid ja palju muud!\",\"isPartOf\":{\"@id\":\"https:\\\/\\\/bflsecurity.ee\\\/#website\"},\"datePublished\":\"2020-04-21T11:11:20+00:00\",\"dateModified\":\"2020-08-24T18:00:29+00:00\",\"description\":\"BFL Security pakub erinevaid l\u00e4bip\u00e4\u00e4sus\u00fcsteeme, videovalves\u00fcsteeme ja muid innovatiivseid lahendusi. Tutvu valikuga siit v\u00f5i k\u00fcsi n\u00f5u meie spetsialistidelt!\",\"breadcrumb\":{\"@id\":\"https:\\\/\\\/bflsecurity.ee\\\/ru\\\/%d0%be-%d0%bd%d0%b0%d1%81\\\/#breadcrumb\"},\"inLanguage\":\"ru-RU\",\"potentialAction\":[{\"@type\":\"ReadAction\",\"target\":[\"https:\\\/\\\/bflsecurity.ee\\\/ru\\\/%d0%be-%d0%bd%d0%b0%d1%81\\\/\"]}]},{\"@type\":\"BreadcrumbList\",\"@id\":\"https:\\\/\\\/bflsecurity.ee\\\/ru\\\/%d0%be-%d0%bd%d0%b0%d1%81\\\/#breadcrumb\",\"itemListElement\":[{\"@type\":\"ListItem\",\"position\":1,\"name\":\"Home\",\"item\":\"https:\\\/\\\/www.bflsecurity.ee\\\/ru\\\/\"},{\"@type\":\"ListItem\",\"position\":2,\"name\":\"\u041e \u043d\u0430\u0441\"}]},{\"@type\":\"WebSite\",\"@id\":\"https:\\\/\\\/bflsecurity.ee\\\/#website\",\"url\":\"https:\\\/\\\/bflsecurity.ee\\\/\",\"name\":\"BFL Security | L\u00e4bip\u00e4\u00e4sus\u00fcsteemid, videovalves\u00fcsteemid ja palju muud!\",\"description\":\"L\u00e4bip\u00e4\u00e4sus\u00fcsteemid, videovalves\u00fcsteemid ja palju muud!\",\"publisher\":{\"@id\":\"https:\\\/\\\/bflsecurity.ee\\\/#organization\"},\"potentialAction\":[{\"@type\":\"SearchAction\",\"target\":{\"@type\":\"EntryPoint\",\"urlTemplate\":\"https:\\\/\\\/bflsecurity.ee\\\/?s={search_term_string}\"},\"query-input\":{\"@type\":\"PropertyValueSpecification\",\"valueRequired\":true,\"valueName\":\"search_term_string\"}}],\"inLanguage\":\"ru-RU\"},{\"@type\":\"Organization\",\"@id\":\"https:\\\/\\\/bflsecurity.ee\\\/#organization\",\"name\":\"BFL Security | L\u00e4bip\u00e4\u00e4sus\u00fcsteemid, videovalves\u00fcsteemid ja palju muud!\",\"url\":\"https:\\\/\\\/bflsecurity.ee\\\/\",\"logo\":{\"@type\":\"ImageObject\",\"inLanguage\":\"ru-RU\",\"@id\":\"https:\\\/\\\/bflsecurity.ee\\\/#\\\/schema\\\/logo\\\/image\\\/\",\"url\":\"https:\\\/\\\/www.bflsecurity.ee\\\/wp-content\\\/uploads\\\/2020\\\/01\\\/logo.svg\",\"contentUrl\":\"https:\\\/\\\/www.bflsecurity.ee\\\/wp-content\\\/uploads\\\/2020\\\/01\\\/logo.svg\",\"width\":180,\"height\":57,\"caption\":\"BFL Security | L\u00e4bip\u00e4\u00e4sus\u00fcsteemid, videovalves\u00fcsteemid ja palju muud!\"},\"image\":{\"@id\":\"https:\\\/\\\/bflsecurity.ee\\\/#\\\/schema\\\/logo\\\/image\\\/\"}}]}<\/script>\n<!-- \/ Yoast SEO plugin. -->","yoast_head_json":{"title":"\u041e \u043d\u0430\u0441 - BFL Security | L\u00e4bip\u00e4\u00e4sus\u00fcsteemid, videovalves\u00fcsteemid ja palju muud!","description":"BFL Security pakub erinevaid l\u00e4bip\u00e4\u00e4sus\u00fcsteeme, videovalves\u00fcsteeme ja muid innovatiivseid lahendusi. Tutvu valikuga siit v\u00f5i k\u00fcsi n\u00f5u meie spetsialistidelt!","robots":{"index":"index","follow":"follow","max-snippet":"max-snippet:-1","max-image-preview":"max-image-preview:large","max-video-preview":"max-video-preview:-1"},"canonical":"https:\/\/bflsecurity.ee\/ru\/\u043e-\u043d\u0430\u0441\/","og_locale":"ru_RU","og_type":"article","og_title":"\u041e \u043d\u0430\u0441 - BFL Security | L\u00e4bip\u00e4\u00e4sus\u00fcsteemid, videovalves\u00fcsteemid ja palju muud!","og_description":"BFL Security pakub erinevaid l\u00e4bip\u00e4\u00e4sus\u00fcsteeme, videovalves\u00fcsteeme ja muid innovatiivseid lahendusi. Tutvu valikuga siit v\u00f5i k\u00fcsi n\u00f5u meie spetsialistidelt!","og_url":"https:\/\/bflsecurity.ee\/ru\/\u043e-\u043d\u0430\u0441\/","og_site_name":"BFL Security | L\u00e4bip\u00e4\u00e4sus\u00fcsteemid, videovalves\u00fcsteemid ja palju muud!","article_modified_time":"2020-08-24T18:00:29+00:00","twitter_card":"summary_large_image","schema":{"@context":"https:\/\/schema.org","@graph":[{"@type":"WebPage","@id":"https:\/\/bflsecurity.ee\/ru\/%d0%be-%d0%bd%d0%b0%d1%81\/","url":"https:\/\/bflsecurity.ee\/ru\/%d0%be-%d0%bd%d0%b0%d1%81\/","name":"\u041e \u043d\u0430\u0441 - BFL Security | L\u00e4bip\u00e4\u00e4sus\u00fcsteemid, videovalves\u00fcsteemid ja palju muud!","isPartOf":{"@id":"https:\/\/bflsecurity.ee\/#website"},"datePublished":"2020-04-21T11:11:20+00:00","dateModified":"2020-08-24T18:00:29+00:00","description":"BFL Security pakub erinevaid l\u00e4bip\u00e4\u00e4sus\u00fcsteeme, videovalves\u00fcsteeme ja muid innovatiivseid lahendusi. Tutvu valikuga siit v\u00f5i k\u00fcsi n\u00f5u meie spetsialistidelt!","breadcrumb":{"@id":"https:\/\/bflsecurity.ee\/ru\/%d0%be-%d0%bd%d0%b0%d1%81\/#breadcrumb"},"inLanguage":"ru-RU","potentialAction":[{"@type":"ReadAction","target":["https:\/\/bflsecurity.ee\/ru\/%d0%be-%d0%bd%d0%b0%d1%81\/"]}]},{"@type":"BreadcrumbList","@id":"https:\/\/bflsecurity.ee\/ru\/%d0%be-%d0%bd%d0%b0%d1%81\/#breadcrumb","itemListElement":[{"@type":"ListItem","position":1,"name":"Home","item":"https:\/\/www.bflsecurity.ee\/ru\/"},{"@type":"ListItem","position":2,"name":"\u041e \u043d\u0430\u0441"}]},{"@type":"WebSite","@id":"https:\/\/bflsecurity.ee\/#website","url":"https:\/\/bflsecurity.ee\/","name":"BFL Security | L\u00e4bip\u00e4\u00e4sus\u00fcsteemid, videovalves\u00fcsteemid ja palju muud!","description":"L\u00e4bip\u00e4\u00e4sus\u00fcsteemid, videovalves\u00fcsteemid ja palju muud!","publisher":{"@id":"https:\/\/bflsecurity.ee\/#organization"},"potentialAction":[{"@type":"SearchAction","target":{"@type":"EntryPoint","urlTemplate":"https:\/\/bflsecurity.ee\/?s={search_term_string}"},"query-input":{"@type":"PropertyValueSpecification","valueRequired":true,"valueName":"search_term_string"}}],"inLanguage":"ru-RU"},{"@type":"Organization","@id":"https:\/\/bflsecurity.ee\/#organization","name":"BFL Security | L\u00e4bip\u00e4\u00e4sus\u00fcsteemid, videovalves\u00fcsteemid ja palju muud!","url":"https:\/\/bflsecurity.ee\/","logo":{"@type":"ImageObject","inLanguage":"ru-RU","@id":"https:\/\/bflsecurity.ee\/#\/schema\/logo\/image\/","url":"https:\/\/www.bflsecurity.ee\/wp-content\/uploads\/2020\/01\/logo.svg","contentUrl":"https:\/\/www.bflsecurity.ee\/wp-content\/uploads\/2020\/01\/logo.svg","width":180,"height":57,"caption":"BFL Security | L\u00e4bip\u00e4\u00e4sus\u00fcsteemid, videovalves\u00fcsteemid ja palju muud!"},"image":{"@id":"https:\/\/bflsecurity.ee\/#\/schema\/logo\/image\/"}}]}},"_links":{"self":[{"href":"https:\/\/bflsecurity.ee\/ru\/wp-json\/wp\/v2\/pages\/2169","targetHints":{"allow":["GET"]}}],"collection":[{"href":"https:\/\/bflsecurity.ee\/ru\/wp-json\/wp\/v2\/pages"}],"about":[{"href":"https:\/\/bflsecurity.ee\/ru\/wp-json\/wp\/v2\/types\/page"}],"author":[{"embeddable":true,"href":"https:\/\/bflsecurity.ee\/ru\/wp-json\/wp\/v2\/users\/1"}],"replies":[{"embeddable":true,"href":"https:\/\/bflsecurity.ee\/ru\/wp-json\/wp\/v2\/comments?post=2169"}],"version-history":[{"count":5,"href":"https:\/\/bflsecurity.ee\/ru\/wp-json\/wp\/v2\/pages\/2169\/revisions"}],"predecessor-version":[{"id":2193,"href":"https:\/\/bflsecurity.ee\/ru\/wp-json\/wp\/v2\/pages\/2169\/revisions\/2193"}],"wp:attachment":[{"href":"https:\/\/bflsecurity.ee\/ru\/wp-json\/wp\/v2\/media?parent=2169"}],"curies":[{"name":"wp","href":"https:\/\/api.w.org\/{rel}","templated":true}]}}