{"id":2096,"date":"2020-04-18T20:40:15","date_gmt":"2020-04-18T20:40:15","guid":{"rendered":"https:\/\/bflsecurity.ee\/?page_id=2096"},"modified":"2022-01-13T13:51:20","modified_gmt":"2022-01-13T13:51:20","slug":"%d0%ba%d0%be%d0%bd%d1%82%d0%b0%d0%ba%d1%82","status":"publish","type":"page","link":"https:\/\/bflsecurity.ee\/ru\/%d0%ba%d0%be%d0%bd%d1%82%d0%b0%d0%ba%d1%82\/","title":{"rendered":"\u041a\u043e\u043d\u0442\u0430\u043a\u0442"},"content":{"rendered":"<div id=\"pl-2096\"  class=\"panel-layout\" ><div id=\"pg-2096-0\"  class=\"panel-grid panel-has-style\" ><div class=\"with-bg panel-row-style panel-row-style-for-2096-0\" ><div id=\"pgc-2096-0-0\"  class=\"panel-grid-cell\" ><div class=\"inner-content panel-cell-style panel-cell-style-for-2096-0-0\" ><div id=\"panel-2096-0-0-0\" class=\"so-panel widget widget_siteorigin-panels-builder panel-first-child panel-last-child\" data-index=\"0\" ><div id=\"pl-w61e02d1bee160\"  class=\"panel-layout\" ><div id=\"pg-w61e02d1bee160-0\"  class=\"panel-grid panel-no-style\" ><div id=\"pgc-w61e02d1bee160-0-0\"  class=\"panel-grid-cell panel-grid-cell-mobile-last\" ><div id=\"panel-w61e02d1bee160-0-0-0\" class=\"so-panel widget widget_sow-editor panel-first-child panel-last-child\" data-index=\"0\" ><div\n\t\t\t\n\t\t\tclass=\"so-widget-sow-editor so-widget-sow-editor-base\"\n\t\t\t\n\t\t>\n<div class=\"siteorigin-widget-tinymce textwidget\">\n\t<p>\u041a\u043e\u043d\u0442\u0430\u043a\u0442<\/p>\n<p>BFL Security O\u00dc<\/p>\n<p>\u0410\u0434\u0440\u0435\u0441: \u041c\u0443\u0441\u0442\u0430\u043c\u044f\u044d \u0442\u0435\u044d 24, \u0422\u0430\u043b\u043b\u0438\u043d\u043d 10621 \u043a\u043e\u0440\u043f\u0443\u0441 B, 2-\u0439 \u044d\u0442\u0430\u0436<\/p>\n<p>\u0410\u0432\u0442\u043e\u043c\u043e\u0431\u0438\u043b\u044c\u043d\u0430\u044f \u0441\u0442\u043e\u044f\u043d\u043a\u0430 1 \u0447\u0430\u0441 \u0441 \u0431\u0435\u0441\u043f\u043b\u0430\u0442\u043d\u044b\u043c \u043f\u0430\u0440\u043a\u043e\u0432\u043e\u0447\u043d\u044b\u043c \u0441\u0447\u0435\u0442\u0447\u0438\u043a\u043e\u043c<br \/>\n\u041d\u0411! \u0415\u0441\u043b\u0438 \u0432\u044b \u0445\u043e\u0442\u0438\u0442\u0435 \u043f\u0440\u0438\u0435\u0445\u0430\u0442\u044c \u0432 \u043e\u0444\u0438\u0441 \u0434\u043b\u044f \u043e\u0437\u043d\u0430\u043a\u043e\u043c\u043b\u0435\u043d\u0438\u044f \u0441 \u043f\u0440\u043e\u0434\u0443\u043a\u0446\u0438\u0435\u0439, \u0437\u0432\u043e\u043d\u0438\u0442\u0435 \u0438 \u0434\u043e\u0433\u043e\u0432\u0430\u0440\u0438\u0432\u0430\u0439\u0442\u0435\u0441\u044c \u043e \u0432\u0440\u0435\u043c\u0435\u043d\u0438.<\/p>\n<p>\u0420\u0435\u0433. \u043d\u0435\u0442. 11418990<br \/>\n\u0418\u043d\u0444\u043e\u0440\u043c\u0430\u0446\u0438\u044f: +372 681 7220, +372 56 55 542<br \/>\n\u042d\u043b\u0435\u043a\u0442\u0440\u043e\u043d\u043d\u0430\u044f \u043f\u043e\u0447\u0442\u0430: info@bflsecurity.ee<\/p>\n<\/div>\n<\/div><\/div><\/div><div id=\"pgc-w61e02d1bee160-0-1\"  class=\"panel-grid-cell panel-grid-cell-empty\" ><\/div><\/div><\/div><\/div><\/div><\/div><\/div><\/div><\/div>","protected":false},"excerpt":{"rendered":"<p>\u041a\u043e\u043d\u0442\u0430\u043a\u0442 BFL Security O\u00dc \u0410\u0434\u0440\u0435\u0441: \u041c\u0443\u0441\u0442\u0430\u043c\u044f\u044d \u0442\u0435\u044d 24, \u0422\u0430\u043b\u043b\u0438\u043d\u043d 10621 \u043a\u043e\u0440\u043f\u0443\u0441 B, 2-\u0439 \u044d\u0442\u0430\u0436 \u0410\u0432\u0442\u043e\u043c\u043e\u0431\u0438\u043b\u044c\u043d\u0430\u044f \u0441\u0442\u043e\u044f\u043d\u043a\u0430 1 \u0447\u0430\u0441 \u0441 \u0431\u0435\u0441\u043f\u043b\u0430\u0442\u043d\u044b\u043c \u043f\u0430\u0440\u043a\u043e\u0432\u043e\u0447\u043d\u044b\u043c \u0441\u0447\u0435\u0442\u0447\u0438\u043a\u043e\u043c \u041d\u0411! \u0415\u0441\u043b\u0438 \u0432\u044b \u0445\u043e\u0442\u0438\u0442\u0435 \u043f\u0440\u0438\u0435\u0445\u0430\u0442\u044c \u0432 \u043e\u0444\u0438\u0441 \u0434\u043b\u044f \u043e\u0437\u043d\u0430\u043a\u043e\u043c\u043b\u0435\u043d\u0438\u044f \u0441 \u043f\u0440\u043e\u0434\u0443\u043a\u0446\u0438\u0435\u0439, \u0437\u0432\u043e\u043d\u0438\u0442\u0435 \u0438 \u0434\u043e\u0433\u043e\u0432\u0430\u0440\u0438\u0432\u0430\u0439\u0442\u0435\u0441\u044c \u043e \u0432\u0440\u0435\u043c\u0435\u043d\u0438. \u0420\u0435\u0433. \u043d\u0435\u0442. 11418990 \u0418\u043d\u0444\u043e\u0440\u043c\u0430\u0446\u0438\u044f: +372 681 7220, +372 56 55 542 \u042d\u043b\u0435\u043a\u0442\u0440\u043e\u043d\u043d\u0430\u044f \u043f\u043e\u0447\u0442\u0430: info@bflsecurity.ee<\/p>\n","protected":false},"author":1,"featured_media":0,"parent":0,"menu_order":0,"comment_status":"closed","ping_status":"closed","template":"","meta":{"_acf_changed":false,"footnotes":""},"class_list":["post-2096","page","type-page","status-publish","hentry"],"acf":[],"yoast_head":"<!-- This site is optimized with the Yoast SEO plugin v27.3 - https:\/\/yoast.com\/product\/yoast-seo-wordpress\/ -->\n<title>\u041a\u043e\u043d\u0442\u0430\u043a\u0442 - BFL Security | L\u00e4bip\u00e4\u00e4sus\u00fcsteemid, videovalves\u00fcsteemid ja palju muud!<\/title>\n<meta name=\"description\" content=\"BFL Security pakub erinevaid l\u00e4bip\u00e4\u00e4sus\u00fcsteeme, videovalves\u00fcsteeme ja muid innovatiivseid lahendusi. Tutvu valikuga siit v\u00f5i k\u00fcsi n\u00f5u meie spetsialistidelt!\" \/>\n<meta name=\"robots\" content=\"index, follow, max-snippet:-1, max-image-preview:large, max-video-preview:-1\" \/>\n<link rel=\"canonical\" href=\"https:\/\/bflsecurity.ee\/ru\/\u043a\u043e\u043d\u0442\u0430\u043a\u0442\/\" \/>\n<meta property=\"og:locale\" content=\"ru_RU\" \/>\n<meta property=\"og:type\" content=\"article\" \/>\n<meta property=\"og:title\" content=\"\u041a\u043e\u043d\u0442\u0430\u043a\u0442 - BFL Security | L\u00e4bip\u00e4\u00e4sus\u00fcsteemid, videovalves\u00fcsteemid ja palju muud!\" \/>\n<meta property=\"og:description\" content=\"BFL Security pakub erinevaid l\u00e4bip\u00e4\u00e4sus\u00fcsteeme, videovalves\u00fcsteeme ja muid innovatiivseid lahendusi. Tutvu valikuga siit v\u00f5i k\u00fcsi n\u00f5u meie spetsialistidelt!\" \/>\n<meta property=\"og:url\" content=\"https:\/\/bflsecurity.ee\/ru\/\u043a\u043e\u043d\u0442\u0430\u043a\u0442\/\" \/>\n<meta property=\"og:site_name\" content=\"BFL Security | L\u00e4bip\u00e4\u00e4sus\u00fcsteemid, videovalves\u00fcsteemid ja palju muud!\" \/>\n<meta property=\"article:modified_time\" content=\"2022-01-13T13:51:20+00:00\" \/>\n<meta name=\"twitter:card\" content=\"summary_large_image\" \/>\n<meta name=\"twitter:label1\" content=\"\u041f\u0440\u0438\u043c\u0435\u0440\u043d\u043e\u0435 \u0432\u0440\u0435\u043c\u044f \u0434\u043b\u044f \u0447\u0442\u0435\u043d\u0438\u044f\" \/>\n\t<meta name=\"twitter:data1\" content=\"1 \u043c\u0438\u043d\u0443\u0442\u0430\" \/>\n<script type=\"application\/ld+json\" class=\"yoast-schema-graph\">{\"@context\":\"https:\\\/\\\/schema.org\",\"@graph\":[{\"@type\":\"WebPage\",\"@id\":\"https:\\\/\\\/bflsecurity.ee\\\/ru\\\/%d0%ba%d0%be%d0%bd%d1%82%d0%b0%d0%ba%d1%82\\\/\",\"url\":\"https:\\\/\\\/bflsecurity.ee\\\/ru\\\/%d0%ba%d0%be%d0%bd%d1%82%d0%b0%d0%ba%d1%82\\\/\",\"name\":\"\u041a\u043e\u043d\u0442\u0430\u043a\u0442 - BFL Security | L\u00e4bip\u00e4\u00e4sus\u00fcsteemid, videovalves\u00fcsteemid ja palju muud!\",\"isPartOf\":{\"@id\":\"https:\\\/\\\/bflsecurity.ee\\\/#website\"},\"datePublished\":\"2020-04-18T20:40:15+00:00\",\"dateModified\":\"2022-01-13T13:51:20+00:00\",\"description\":\"BFL Security pakub erinevaid l\u00e4bip\u00e4\u00e4sus\u00fcsteeme, videovalves\u00fcsteeme ja muid innovatiivseid lahendusi. Tutvu valikuga siit v\u00f5i k\u00fcsi n\u00f5u meie spetsialistidelt!\",\"breadcrumb\":{\"@id\":\"https:\\\/\\\/bflsecurity.ee\\\/ru\\\/%d0%ba%d0%be%d0%bd%d1%82%d0%b0%d0%ba%d1%82\\\/#breadcrumb\"},\"inLanguage\":\"ru-RU\",\"potentialAction\":[{\"@type\":\"ReadAction\",\"target\":[\"https:\\\/\\\/bflsecurity.ee\\\/ru\\\/%d0%ba%d0%be%d0%bd%d1%82%d0%b0%d0%ba%d1%82\\\/\"]}]},{\"@type\":\"BreadcrumbList\",\"@id\":\"https:\\\/\\\/bflsecurity.ee\\\/ru\\\/%d0%ba%d0%be%d0%bd%d1%82%d0%b0%d0%ba%d1%82\\\/#breadcrumb\",\"itemListElement\":[{\"@type\":\"ListItem\",\"position\":1,\"name\":\"Home\",\"item\":\"https:\\\/\\\/www.bflsecurity.ee\\\/ru\\\/\"},{\"@type\":\"ListItem\",\"position\":2,\"name\":\"\u041a\u043e\u043d\u0442\u0430\u043a\u0442\"}]},{\"@type\":\"WebSite\",\"@id\":\"https:\\\/\\\/bflsecurity.ee\\\/#website\",\"url\":\"https:\\\/\\\/bflsecurity.ee\\\/\",\"name\":\"BFL Security | L\u00e4bip\u00e4\u00e4sus\u00fcsteemid, videovalves\u00fcsteemid ja palju muud!\",\"description\":\"L\u00e4bip\u00e4\u00e4sus\u00fcsteemid, videovalves\u00fcsteemid ja palju muud!\",\"publisher\":{\"@id\":\"https:\\\/\\\/bflsecurity.ee\\\/#organization\"},\"potentialAction\":[{\"@type\":\"SearchAction\",\"target\":{\"@type\":\"EntryPoint\",\"urlTemplate\":\"https:\\\/\\\/bflsecurity.ee\\\/?s={search_term_string}\"},\"query-input\":{\"@type\":\"PropertyValueSpecification\",\"valueRequired\":true,\"valueName\":\"search_term_string\"}}],\"inLanguage\":\"ru-RU\"},{\"@type\":\"Organization\",\"@id\":\"https:\\\/\\\/bflsecurity.ee\\\/#organization\",\"name\":\"BFL Security | L\u00e4bip\u00e4\u00e4sus\u00fcsteemid, videovalves\u00fcsteemid ja palju muud!\",\"url\":\"https:\\\/\\\/bflsecurity.ee\\\/\",\"logo\":{\"@type\":\"ImageObject\",\"inLanguage\":\"ru-RU\",\"@id\":\"https:\\\/\\\/bflsecurity.ee\\\/#\\\/schema\\\/logo\\\/image\\\/\",\"url\":\"https:\\\/\\\/www.bflsecurity.ee\\\/wp-content\\\/uploads\\\/2020\\\/01\\\/logo.svg\",\"contentUrl\":\"https:\\\/\\\/www.bflsecurity.ee\\\/wp-content\\\/uploads\\\/2020\\\/01\\\/logo.svg\",\"width\":180,\"height\":57,\"caption\":\"BFL Security | L\u00e4bip\u00e4\u00e4sus\u00fcsteemid, videovalves\u00fcsteemid ja palju muud!\"},\"image\":{\"@id\":\"https:\\\/\\\/bflsecurity.ee\\\/#\\\/schema\\\/logo\\\/image\\\/\"}}]}<\/script>\n<!-- \/ Yoast SEO plugin. -->","yoast_head_json":{"title":"\u041a\u043e\u043d\u0442\u0430\u043a\u0442 - BFL Security | L\u00e4bip\u00e4\u00e4sus\u00fcsteemid, videovalves\u00fcsteemid ja palju muud!","description":"BFL Security pakub erinevaid l\u00e4bip\u00e4\u00e4sus\u00fcsteeme, videovalves\u00fcsteeme ja muid innovatiivseid lahendusi. Tutvu valikuga siit v\u00f5i k\u00fcsi n\u00f5u meie spetsialistidelt!","robots":{"index":"index","follow":"follow","max-snippet":"max-snippet:-1","max-image-preview":"max-image-preview:large","max-video-preview":"max-video-preview:-1"},"canonical":"https:\/\/bflsecurity.ee\/ru\/\u043a\u043e\u043d\u0442\u0430\u043a\u0442\/","og_locale":"ru_RU","og_type":"article","og_title":"\u041a\u043e\u043d\u0442\u0430\u043a\u0442 - BFL Security | L\u00e4bip\u00e4\u00e4sus\u00fcsteemid, videovalves\u00fcsteemid ja palju muud!","og_description":"BFL Security pakub erinevaid l\u00e4bip\u00e4\u00e4sus\u00fcsteeme, videovalves\u00fcsteeme ja muid innovatiivseid lahendusi. Tutvu valikuga siit v\u00f5i k\u00fcsi n\u00f5u meie spetsialistidelt!","og_url":"https:\/\/bflsecurity.ee\/ru\/\u043a\u043e\u043d\u0442\u0430\u043a\u0442\/","og_site_name":"BFL Security | L\u00e4bip\u00e4\u00e4sus\u00fcsteemid, videovalves\u00fcsteemid ja palju muud!","article_modified_time":"2022-01-13T13:51:20+00:00","twitter_card":"summary_large_image","twitter_misc":{"\u041f\u0440\u0438\u043c\u0435\u0440\u043d\u043e\u0435 \u0432\u0440\u0435\u043c\u044f \u0434\u043b\u044f \u0447\u0442\u0435\u043d\u0438\u044f":"1 \u043c\u0438\u043d\u0443\u0442\u0430"},"schema":{"@context":"https:\/\/schema.org","@graph":[{"@type":"WebPage","@id":"https:\/\/bflsecurity.ee\/ru\/%d0%ba%d0%be%d0%bd%d1%82%d0%b0%d0%ba%d1%82\/","url":"https:\/\/bflsecurity.ee\/ru\/%d0%ba%d0%be%d0%bd%d1%82%d0%b0%d0%ba%d1%82\/","name":"\u041a\u043e\u043d\u0442\u0430\u043a\u0442 - BFL Security | L\u00e4bip\u00e4\u00e4sus\u00fcsteemid, videovalves\u00fcsteemid ja palju muud!","isPartOf":{"@id":"https:\/\/bflsecurity.ee\/#website"},"datePublished":"2020-04-18T20:40:15+00:00","dateModified":"2022-01-13T13:51:20+00:00","description":"BFL Security pakub erinevaid l\u00e4bip\u00e4\u00e4sus\u00fcsteeme, videovalves\u00fcsteeme ja muid innovatiivseid lahendusi. Tutvu valikuga siit v\u00f5i k\u00fcsi n\u00f5u meie spetsialistidelt!","breadcrumb":{"@id":"https:\/\/bflsecurity.ee\/ru\/%d0%ba%d0%be%d0%bd%d1%82%d0%b0%d0%ba%d1%82\/#breadcrumb"},"inLanguage":"ru-RU","potentialAction":[{"@type":"ReadAction","target":["https:\/\/bflsecurity.ee\/ru\/%d0%ba%d0%be%d0%bd%d1%82%d0%b0%d0%ba%d1%82\/"]}]},{"@type":"BreadcrumbList","@id":"https:\/\/bflsecurity.ee\/ru\/%d0%ba%d0%be%d0%bd%d1%82%d0%b0%d0%ba%d1%82\/#breadcrumb","itemListElement":[{"@type":"ListItem","position":1,"name":"Home","item":"https:\/\/www.bflsecurity.ee\/ru\/"},{"@type":"ListItem","position":2,"name":"\u041a\u043e\u043d\u0442\u0430\u043a\u0442"}]},{"@type":"WebSite","@id":"https:\/\/bflsecurity.ee\/#website","url":"https:\/\/bflsecurity.ee\/","name":"BFL Security | L\u00e4bip\u00e4\u00e4sus\u00fcsteemid, videovalves\u00fcsteemid ja palju muud!","description":"L\u00e4bip\u00e4\u00e4sus\u00fcsteemid, videovalves\u00fcsteemid ja palju muud!","publisher":{"@id":"https:\/\/bflsecurity.ee\/#organization"},"potentialAction":[{"@type":"SearchAction","target":{"@type":"EntryPoint","urlTemplate":"https:\/\/bflsecurity.ee\/?s={search_term_string}"},"query-input":{"@type":"PropertyValueSpecification","valueRequired":true,"valueName":"search_term_string"}}],"inLanguage":"ru-RU"},{"@type":"Organization","@id":"https:\/\/bflsecurity.ee\/#organization","name":"BFL Security | L\u00e4bip\u00e4\u00e4sus\u00fcsteemid, videovalves\u00fcsteemid ja palju muud!","url":"https:\/\/bflsecurity.ee\/","logo":{"@type":"ImageObject","inLanguage":"ru-RU","@id":"https:\/\/bflsecurity.ee\/#\/schema\/logo\/image\/","url":"https:\/\/www.bflsecurity.ee\/wp-content\/uploads\/2020\/01\/logo.svg","contentUrl":"https:\/\/www.bflsecurity.ee\/wp-content\/uploads\/2020\/01\/logo.svg","width":180,"height":57,"caption":"BFL Security | L\u00e4bip\u00e4\u00e4sus\u00fcsteemid, videovalves\u00fcsteemid ja palju muud!"},"image":{"@id":"https:\/\/bflsecurity.ee\/#\/schema\/logo\/image\/"}}]}},"_links":{"self":[{"href":"https:\/\/bflsecurity.ee\/ru\/wp-json\/wp\/v2\/pages\/2096","targetHints":{"allow":["GET"]}}],"collection":[{"href":"https:\/\/bflsecurity.ee\/ru\/wp-json\/wp\/v2\/pages"}],"about":[{"href":"https:\/\/bflsecurity.ee\/ru\/wp-json\/wp\/v2\/types\/page"}],"author":[{"embeddable":true,"href":"https:\/\/bflsecurity.ee\/ru\/wp-json\/wp\/v2\/users\/1"}],"replies":[{"embeddable":true,"href":"https:\/\/bflsecurity.ee\/ru\/wp-json\/wp\/v2\/comments?post=2096"}],"version-history":[{"count":5,"href":"https:\/\/bflsecurity.ee\/ru\/wp-json\/wp\/v2\/pages\/2096\/revisions"}],"predecessor-version":[{"id":2992,"href":"https:\/\/bflsecurity.ee\/ru\/wp-json\/wp\/v2\/pages\/2096\/revisions\/2992"}],"wp:attachment":[{"href":"https:\/\/bflsecurity.ee\/ru\/wp-json\/wp\/v2\/media?parent=2096"}],"curies":[{"name":"wp","href":"https:\/\/api.w.org\/{rel}","templated":true}]}}