{"id":2810,"date":"2021-05-05T13:28:13","date_gmt":"2021-05-10T13:22:30","guid":{"rendered":"https:\/\/www.bflsecurity.ee\/toode\/koduvalve-komplekt-pitbull-pro-kuumaksuvaba\/"},"modified":"2021-05-10T13:22:30","modified_gmt":"2021-05-10T13:22:30","slug":"koduvalve-komplekt-pitbull-pro-kuumaksuvaba-2","status":"publish","type":"product","link":"https:\/\/bflsecurity.ee\/en\/toode\/koduvalve-komplekt-pitbull-pro-kuumaksuvaba-2\/","title":{"rendered":"Koduvalve komplekt Pitbull Pro \u2013 KUUMAKSUVABA !"},"content":{"rendered":"<ul>\n<li>GSM valvekeskus liikumisanduris<\/li>\n<li>Sobib kuni <strong>keskmise suursuega kodu kaitseks<\/strong><\/li>\n<li><strong>Kuumaksevaba<\/strong><\/li>\n<li>Avatud aladel ~3km Wi-Fi leviala<\/li>\n<li>V\u00f5imalus \u00fchendada Wi-Fi kaudu k\u00fclge kuni 16 seadet<\/li>\n<li>Teavitavaid kasutajaid 10 (k\u00f5ne\/sms)<\/li>\n<li>Valvesta v\u00f5i v\u00f5ta valvest maha tasuta k\u00f5nega<\/li>\n<li>Kahe elemendiga loomakindel liikumisandur<strong> ~40kg<\/strong><\/li>\n<li>Sisseehitatud GSM\/GPRS moodulid<\/li>\n<li>T\u00f6\u00f6piirkond ~90\u00b0 ja ~10 meetrit<\/li>\n<li>1x juhtmega tsoon<\/li>\n<li>1x v\u00e4ljund<\/li>\n<li>S\u00fcndmuste logi: 100<\/li>\n<li>Sisseehitatud aku (~24h)<\/li>\n<li>Sisseehitatud mikrofon<\/li>\n<li><strong>Lihtne seadistada ja paigaldada<\/strong><\/li>\n<li>Hoonetesse pindalaga kuni 150m\u00b2<\/li>\n<li><strong>Uus ja tasuta mobiilirakendus Eldes Smart APP!<\/strong><\/li>\n<li>\u00dchenda kuni 16 juhtmevaba seadet<\/li>\n<li>Komplektis toiteadapter 5m juhtmega<\/li>\n<\/ul>\n<p><a href=\"https:\/\/www.bflsecurity.ee\/wp-content\/uploads\/2021\/05\/kasutusjuhend.pdf\">kasutusjuhend<\/a><\/p>\n","protected":false},"excerpt":{"rendered":"<p>Koduvalve komplekt Pitbull Pro<\/p>\n","protected":false},"featured_media":2807,"comment_status":"closed","ping_status":"closed","template":"","meta":{"_acf_changed":false},"product_brand":[],"product_cat":[179],"product_tag":[],"class_list":{"0":"post-2810","1":"product","2":"type-product","3":"status-publish","4":"has-post-thumbnail","6":"product_cat-valveseadmed-en","8":"first","9":"instock","10":"taxable","11":"shipping-taxable","12":"purchasable","13":"product-type-simple"},"acf":[],"yoast_head":"<!-- This site is optimized with the Yoast SEO plugin v27.4 - https:\/\/yoast.com\/product\/yoast-seo-wordpress\/ -->\n<title>Koduvalve komplekt Pitbull Pro \u2013 KUUMAKSUVABA ! - BFL Security | L\u00e4bip\u00e4\u00e4sus\u00fcsteemid, videovalves\u00fcsteemid ja palju muud!<\/title>\n<meta name=\"robots\" content=\"index, follow, max-snippet:-1, max-image-preview:large, max-video-preview:-1\" \/>\n<link rel=\"canonical\" href=\"https:\/\/bflsecurity.ee\/en\/toode\/koduvalve-komplekt-pitbull-pro-kuumaksuvaba-2\/\" \/>\n<meta property=\"og:locale\" content=\"en_US\" \/>\n<meta property=\"og:type\" content=\"article\" \/>\n<meta property=\"og:title\" content=\"Koduvalve komplekt Pitbull Pro \u2013 KUUMAKSUVABA ! - BFL Security | L\u00e4bip\u00e4\u00e4sus\u00fcsteemid, videovalves\u00fcsteemid ja palju muud!\" \/>\n<meta property=\"og:description\" content=\"Koduvalve komplekt Pitbull Pro\" \/>\n<meta property=\"og:url\" content=\"https:\/\/bflsecurity.ee\/en\/toode\/koduvalve-komplekt-pitbull-pro-kuumaksuvaba-2\/\" \/>\n<meta property=\"og:site_name\" content=\"BFL Security | L\u00e4bip\u00e4\u00e4sus\u00fcsteemid, videovalves\u00fcsteemid ja palju muud!\" \/>\n<meta property=\"og:image\" content=\"https:\/\/bflsecurity.ee\/wp-content\/uploads\/2021\/05\/PitbullPro-karp.png\" \/>\n\t<meta property=\"og:image:width\" content=\"500\" \/>\n\t<meta property=\"og:image:height\" content=\"500\" \/>\n\t<meta property=\"og:image:type\" content=\"image\/png\" \/>\n<meta name=\"twitter:card\" content=\"summary_large_image\" \/>\n<script type=\"application\/ld+json\" class=\"yoast-schema-graph\">{\"@context\":\"https:\\\/\\\/schema.org\",\"@graph\":[{\"@type\":\"WebPage\",\"@id\":\"https:\\\/\\\/bflsecurity.ee\\\/en\\\/toode\\\/koduvalve-komplekt-pitbull-pro-kuumaksuvaba-2\\\/\",\"url\":\"https:\\\/\\\/bflsecurity.ee\\\/en\\\/toode\\\/koduvalve-komplekt-pitbull-pro-kuumaksuvaba-2\\\/\",\"name\":\"Koduvalve komplekt Pitbull Pro \u2013 KUUMAKSUVABA ! - BFL Security | L\u00e4bip\u00e4\u00e4sus\u00fcsteemid, videovalves\u00fcsteemid ja palju muud!\",\"isPartOf\":{\"@id\":\"https:\\\/\\\/bflsecurity.ee\\\/#website\"},\"primaryImageOfPage\":{\"@id\":\"https:\\\/\\\/bflsecurity.ee\\\/en\\\/toode\\\/koduvalve-komplekt-pitbull-pro-kuumaksuvaba-2\\\/#primaryimage\"},\"image\":{\"@id\":\"https:\\\/\\\/bflsecurity.ee\\\/en\\\/toode\\\/koduvalve-komplekt-pitbull-pro-kuumaksuvaba-2\\\/#primaryimage\"},\"thumbnailUrl\":\"https:\\\/\\\/bflsecurity.ee\\\/wp-content\\\/uploads\\\/2021\\\/05\\\/PitbullPro-karp.png\",\"datePublished\":\"2021-05-10T13:22:30+00:00\",\"breadcrumb\":{\"@id\":\"https:\\\/\\\/bflsecurity.ee\\\/en\\\/toode\\\/koduvalve-komplekt-pitbull-pro-kuumaksuvaba-2\\\/#breadcrumb\"},\"inLanguage\":\"en-US\",\"potentialAction\":[{\"@type\":\"ReadAction\",\"target\":[\"https:\\\/\\\/bflsecurity.ee\\\/en\\\/toode\\\/koduvalve-komplekt-pitbull-pro-kuumaksuvaba-2\\\/\"]}]},{\"@type\":\"ImageObject\",\"inLanguage\":\"en-US\",\"@id\":\"https:\\\/\\\/bflsecurity.ee\\\/en\\\/toode\\\/koduvalve-komplekt-pitbull-pro-kuumaksuvaba-2\\\/#primaryimage\",\"url\":\"https:\\\/\\\/bflsecurity.ee\\\/wp-content\\\/uploads\\\/2021\\\/05\\\/PitbullPro-karp.png\",\"contentUrl\":\"https:\\\/\\\/bflsecurity.ee\\\/wp-content\\\/uploads\\\/2021\\\/05\\\/PitbullPro-karp.png\",\"width\":500,\"height\":500},{\"@type\":\"BreadcrumbList\",\"@id\":\"https:\\\/\\\/bflsecurity.ee\\\/en\\\/toode\\\/koduvalve-komplekt-pitbull-pro-kuumaksuvaba-2\\\/#breadcrumb\",\"itemListElement\":[{\"@type\":\"ListItem\",\"position\":1,\"name\":\"Home\",\"item\":\"https:\\\/\\\/www.bflsecurity.ee\\\/en\\\/\"},{\"@type\":\"ListItem\",\"position\":2,\"name\":\"Tooted\",\"item\":\"https:\\\/\\\/bflsecurity.ee\\\/tooted\\\/\"},{\"@type\":\"ListItem\",\"position\":3,\"name\":\"Koduvalve komplekt Pitbull Pro \u2013 KUUMAKSUVABA !\"}]},{\"@type\":\"WebSite\",\"@id\":\"https:\\\/\\\/bflsecurity.ee\\\/#website\",\"url\":\"https:\\\/\\\/bflsecurity.ee\\\/\",\"name\":\"BFL Security | L\u00e4bip\u00e4\u00e4sus\u00fcsteemid, videovalves\u00fcsteemid ja palju muud!\",\"description\":\"L\u00e4bip\u00e4\u00e4sus\u00fcsteemid, videovalves\u00fcsteemid ja palju muud!\",\"publisher\":{\"@id\":\"https:\\\/\\\/bflsecurity.ee\\\/#organization\"},\"potentialAction\":[{\"@type\":\"SearchAction\",\"target\":{\"@type\":\"EntryPoint\",\"urlTemplate\":\"https:\\\/\\\/bflsecurity.ee\\\/?s={search_term_string}\"},\"query-input\":{\"@type\":\"PropertyValueSpecification\",\"valueRequired\":true,\"valueName\":\"search_term_string\"}}],\"inLanguage\":\"en-US\"},{\"@type\":\"Organization\",\"@id\":\"https:\\\/\\\/bflsecurity.ee\\\/#organization\",\"name\":\"BFL Security | L\u00e4bip\u00e4\u00e4sus\u00fcsteemid, videovalves\u00fcsteemid ja palju muud!\",\"url\":\"https:\\\/\\\/bflsecurity.ee\\\/\",\"logo\":{\"@type\":\"ImageObject\",\"inLanguage\":\"en-US\",\"@id\":\"https:\\\/\\\/bflsecurity.ee\\\/#\\\/schema\\\/logo\\\/image\\\/\",\"url\":\"https:\\\/\\\/www.bflsecurity.ee\\\/wp-content\\\/uploads\\\/2020\\\/01\\\/logo.svg\",\"contentUrl\":\"https:\\\/\\\/www.bflsecurity.ee\\\/wp-content\\\/uploads\\\/2020\\\/01\\\/logo.svg\",\"width\":180,\"height\":57,\"caption\":\"BFL Security | L\u00e4bip\u00e4\u00e4sus\u00fcsteemid, videovalves\u00fcsteemid ja palju muud!\"},\"image\":{\"@id\":\"https:\\\/\\\/bflsecurity.ee\\\/#\\\/schema\\\/logo\\\/image\\\/\"}}]}<\/script>\n<!-- \/ Yoast SEO plugin. -->","yoast_head_json":{"title":"Koduvalve komplekt Pitbull Pro \u2013 KUUMAKSUVABA ! - BFL Security | L\u00e4bip\u00e4\u00e4sus\u00fcsteemid, videovalves\u00fcsteemid ja palju muud!","robots":{"index":"index","follow":"follow","max-snippet":"max-snippet:-1","max-image-preview":"max-image-preview:large","max-video-preview":"max-video-preview:-1"},"canonical":"https:\/\/bflsecurity.ee\/en\/toode\/koduvalve-komplekt-pitbull-pro-kuumaksuvaba-2\/","og_locale":"en_US","og_type":"article","og_title":"Koduvalve komplekt Pitbull Pro \u2013 KUUMAKSUVABA ! - BFL Security | L\u00e4bip\u00e4\u00e4sus\u00fcsteemid, videovalves\u00fcsteemid ja palju muud!","og_description":"Koduvalve komplekt Pitbull Pro","og_url":"https:\/\/bflsecurity.ee\/en\/toode\/koduvalve-komplekt-pitbull-pro-kuumaksuvaba-2\/","og_site_name":"BFL Security | L\u00e4bip\u00e4\u00e4sus\u00fcsteemid, videovalves\u00fcsteemid ja palju muud!","og_image":[{"width":500,"height":500,"url":"https:\/\/bflsecurity.ee\/wp-content\/uploads\/2021\/05\/PitbullPro-karp.png","type":"image\/png"}],"twitter_card":"summary_large_image","schema":{"@context":"https:\/\/schema.org","@graph":[{"@type":"WebPage","@id":"https:\/\/bflsecurity.ee\/en\/toode\/koduvalve-komplekt-pitbull-pro-kuumaksuvaba-2\/","url":"https:\/\/bflsecurity.ee\/en\/toode\/koduvalve-komplekt-pitbull-pro-kuumaksuvaba-2\/","name":"Koduvalve komplekt Pitbull Pro \u2013 KUUMAKSUVABA ! - BFL Security | L\u00e4bip\u00e4\u00e4sus\u00fcsteemid, videovalves\u00fcsteemid ja palju muud!","isPartOf":{"@id":"https:\/\/bflsecurity.ee\/#website"},"primaryImageOfPage":{"@id":"https:\/\/bflsecurity.ee\/en\/toode\/koduvalve-komplekt-pitbull-pro-kuumaksuvaba-2\/#primaryimage"},"image":{"@id":"https:\/\/bflsecurity.ee\/en\/toode\/koduvalve-komplekt-pitbull-pro-kuumaksuvaba-2\/#primaryimage"},"thumbnailUrl":"https:\/\/bflsecurity.ee\/wp-content\/uploads\/2021\/05\/PitbullPro-karp.png","datePublished":"2021-05-10T13:22:30+00:00","breadcrumb":{"@id":"https:\/\/bflsecurity.ee\/en\/toode\/koduvalve-komplekt-pitbull-pro-kuumaksuvaba-2\/#breadcrumb"},"inLanguage":"en-US","potentialAction":[{"@type":"ReadAction","target":["https:\/\/bflsecurity.ee\/en\/toode\/koduvalve-komplekt-pitbull-pro-kuumaksuvaba-2\/"]}]},{"@type":"ImageObject","inLanguage":"en-US","@id":"https:\/\/bflsecurity.ee\/en\/toode\/koduvalve-komplekt-pitbull-pro-kuumaksuvaba-2\/#primaryimage","url":"https:\/\/bflsecurity.ee\/wp-content\/uploads\/2021\/05\/PitbullPro-karp.png","contentUrl":"https:\/\/bflsecurity.ee\/wp-content\/uploads\/2021\/05\/PitbullPro-karp.png","width":500,"height":500},{"@type":"BreadcrumbList","@id":"https:\/\/bflsecurity.ee\/en\/toode\/koduvalve-komplekt-pitbull-pro-kuumaksuvaba-2\/#breadcrumb","itemListElement":[{"@type":"ListItem","position":1,"name":"Home","item":"https:\/\/www.bflsecurity.ee\/en\/"},{"@type":"ListItem","position":2,"name":"Tooted","item":"https:\/\/bflsecurity.ee\/tooted\/"},{"@type":"ListItem","position":3,"name":"Koduvalve komplekt Pitbull Pro \u2013 KUUMAKSUVABA !"}]},{"@type":"WebSite","@id":"https:\/\/bflsecurity.ee\/#website","url":"https:\/\/bflsecurity.ee\/","name":"BFL Security | L\u00e4bip\u00e4\u00e4sus\u00fcsteemid, videovalves\u00fcsteemid ja palju muud!","description":"L\u00e4bip\u00e4\u00e4sus\u00fcsteemid, videovalves\u00fcsteemid ja palju muud!","publisher":{"@id":"https:\/\/bflsecurity.ee\/#organization"},"potentialAction":[{"@type":"SearchAction","target":{"@type":"EntryPoint","urlTemplate":"https:\/\/bflsecurity.ee\/?s={search_term_string}"},"query-input":{"@type":"PropertyValueSpecification","valueRequired":true,"valueName":"search_term_string"}}],"inLanguage":"en-US"},{"@type":"Organization","@id":"https:\/\/bflsecurity.ee\/#organization","name":"BFL Security | L\u00e4bip\u00e4\u00e4sus\u00fcsteemid, videovalves\u00fcsteemid ja palju muud!","url":"https:\/\/bflsecurity.ee\/","logo":{"@type":"ImageObject","inLanguage":"en-US","@id":"https:\/\/bflsecurity.ee\/#\/schema\/logo\/image\/","url":"https:\/\/www.bflsecurity.ee\/wp-content\/uploads\/2020\/01\/logo.svg","contentUrl":"https:\/\/www.bflsecurity.ee\/wp-content\/uploads\/2020\/01\/logo.svg","width":180,"height":57,"caption":"BFL Security | L\u00e4bip\u00e4\u00e4sus\u00fcsteemid, videovalves\u00fcsteemid ja palju muud!"},"image":{"@id":"https:\/\/bflsecurity.ee\/#\/schema\/logo\/image\/"}}]}},"_links":{"self":[{"href":"https:\/\/bflsecurity.ee\/en\/wp-json\/wp\/v2\/product\/2810","targetHints":{"allow":["GET"]}}],"collection":[{"href":"https:\/\/bflsecurity.ee\/en\/wp-json\/wp\/v2\/product"}],"about":[{"href":"https:\/\/bflsecurity.ee\/en\/wp-json\/wp\/v2\/types\/product"}],"replies":[{"embeddable":true,"href":"https:\/\/bflsecurity.ee\/en\/wp-json\/wp\/v2\/comments?post=2810"}],"wp:featuredmedia":[{"embeddable":true,"href":"https:\/\/bflsecurity.ee\/en\/wp-json\/wp\/v2\/media\/2807"}],"wp:attachment":[{"href":"https:\/\/bflsecurity.ee\/en\/wp-json\/wp\/v2\/media?parent=2810"}],"wp:term":[{"taxonomy":"product_brand","embeddable":true,"href":"https:\/\/bflsecurity.ee\/en\/wp-json\/wp\/v2\/product_brand?post=2810"},{"taxonomy":"product_cat","embeddable":true,"href":"https:\/\/bflsecurity.ee\/en\/wp-json\/wp\/v2\/product_cat?post=2810"},{"taxonomy":"product_tag","embeddable":true,"href":"https:\/\/bflsecurity.ee\/en\/wp-json\/wp\/v2\/product_tag?post=2810"}],"curies":[{"name":"wp","href":"https:\/\/api.w.org\/{rel}","templated":true}]}}